{"id":8297,"date":"2025-07-20T22:51:35","date_gmt":"2025-07-20T19:51:35","guid":{"rendered":"https:\/\/berha.org\/en\/?post_type=product&#038;p=8297"},"modified":"2025-07-20T22:51:41","modified_gmt":"2025-07-20T19:51:41","slug":"surgicel-1903gb-12-x-5-cm-x-75-cm","status":"publish","type":"product","link":"https:\/\/berha.org\/en\/urun\/surgicel-1903gb-12-x-5-cm-x-75-cm\/","title":{"rendered":"Surgicel 1903GB 12 x 5 cm x 7,5 Cm"},"content":{"rendered":"<p>Surgicel 1903GB, orta b\u00fcy\u00fckl\u00fckte cerrahi alanlar i\u00e7in geli\u015ftirilmi\u015f, 12 x 5 cm x 7,5 cm \u00f6l\u00e7\u00fclerinde, steril ve emilebilir hemostatik bir \u00f6rt\u00fcd\u00fcr. Cerrahi i\u015flem s\u0131ras\u0131nda olu\u015fan y\u00fczeyel ve noktasal kanamalar\u0131n h\u0131zl\u0131 kontrol alt\u0131na al\u0131nmas\u0131nda etkili bir \u00e7\u00f6z\u00fcmd\u00fcr. Dokuya zarar vermeden do\u011fal olarak \u00e7\u00f6z\u00fcn\u00fcr ve geride kal\u0131nt\u0131 b\u0131rakmaz. G\u00fcvenli, pratik ve h\u0131zl\u0131 uygulama imk\u00e2n\u0131 sunar.<\/p>\n","protected":false},"excerpt":{"rendered":"<p>\u00dcr\u00fcn: Surgicel Hemostatik Yama<\/p>\n<p>Kod: 1903GB<\/p>\n<p>Boyut: 12 x 5 cm x 7,5 cm<\/p>\n<p>Steril, emilebilir<\/p>\n","protected":false},"featured_media":7742,"template":"","meta":[],"product_brand":[1651],"product_cat":[1646,1676],"product_tag":[2169,2170,2171,2172,2173,2174,2175],"class_list":{"0":"post-8297","1":"product","2":"type-product","3":"status-publish","4":"has-post-thumbnail","6":"product_brand-ethicon","7":"product_cat-ethicon-surgical","8":"product_cat-global-cerrahi-markalar","9":"product_tag-12x5x7","10":"product_tag-5-cm-kan-durdurucu","11":"product_tag-ethicon-okside-seluloz","12":"product_tag-ethicon-surgicel-1903gb","13":"product_tag-hemostatik-urun","14":"product_tag-laparoskopik-cerrahi-kan-durdurucu","15":"product_tag-tek-kullanimlik-hemostat","17":"first","18":"instock","19":"shipping-taxable","20":"product-type-simple"},"_links":{"self":[{"href":"https:\/\/berha.org\/en\/wp-json\/wp\/v2\/product\/8297","targetHints":{"allow":["GET"]}}],"collection":[{"href":"https:\/\/berha.org\/en\/wp-json\/wp\/v2\/product"}],"about":[{"href":"https:\/\/berha.org\/en\/wp-json\/wp\/v2\/types\/product"}],"wp:featuredmedia":[{"embeddable":true,"href":"https:\/\/berha.org\/en\/wp-json\/wp\/v2\/media\/7742"}],"wp:attachment":[{"href":"https:\/\/berha.org\/en\/wp-json\/wp\/v2\/media?parent=8297"}],"wp:term":[{"taxonomy":"product_brand","embeddable":true,"href":"https:\/\/berha.org\/en\/wp-json\/wp\/v2\/product_brand?post=8297"},{"taxonomy":"product_cat","embeddable":true,"href":"https:\/\/berha.org\/en\/wp-json\/wp\/v2\/product_cat?post=8297"},{"taxonomy":"product_tag","embeddable":true,"href":"https:\/\/berha.org\/en\/wp-json\/wp\/v2\/product_tag?post=8297"}],"curies":[{"name":"wp","href":"https:\/\/api.w.org\/{rel}","templated":true}]}}