{"id":8296,"date":"2025-07-20T22:51:35","date_gmt":"2025-07-20T19:51:35","guid":{"rendered":"https:\/\/berha.org\/en\/?post_type=product&#038;p=8296"},"modified":"2025-07-20T22:51:41","modified_gmt":"2025-07-20T19:51:41","slug":"surgicel-1902gb-12-x-10cm-x-20cm","status":"publish","type":"product","link":"https:\/\/berha.org\/en\/urun\/surgicel-1902gb-12-x-10cm-x-20cm\/","title":{"rendered":"Surgicel 1902GB 12 x 10Cm x 20Cm"},"content":{"rendered":"<p>Surgicel 1902GB, b\u00fcy\u00fck cerrahi alanlarda kanama kontrol\u00fc sa\u011flamak \u00fczere tasarlanm\u0131\u015f geni\u015f boyutlu, emilebilir hemostatik \u00f6rt\u00fcd\u00fcr. 12 x 10 cm x 20 cm \u00f6l\u00e7\u00fcleri sayesinde geni\u015f y\u00fczeyleri kaplayarak etkin hemostaz sa\u011flar. Kanla temas etti\u011finde jel k\u0131vam\u0131na ge\u00e7erek h\u0131zl\u0131 bir bariyer olu\u015fturur. Biyolojik uyumlulu\u011fu y\u00fcksek, steril ve tek kullan\u0131ml\u0131k formu ile cerrahi g\u00fcvenli\u011fi destekler.<\/p>\n","protected":false},"excerpt":{"rendered":"<p>\u00dcr\u00fcn: Surgicel Hemostatik Yama<\/p>\n<p>Kod: 1902GB<\/p>\n<p>Boyut: 12 x 10 cm x 20 cm<\/p>\n<p>Emilebilir, steril<\/p>\n","protected":false},"featured_media":7741,"template":"","meta":[],"product_brand":[1651],"product_cat":[1646,1676],"product_tag":[2163,2164,2165,2166,2167,2168],"class_list":{"0":"post-8296","1":"product","2":"type-product","3":"status-publish","4":"has-post-thumbnail","6":"product_brand-ethicon","7":"product_cat-ethicon-surgical","8":"product_cat-global-cerrahi-markalar","9":"product_tag-12x10x20-hemostat","10":"product_tag-ameliyatlarda-kullanilan-kan-durdurucu","11":"product_tag-cerrahi-hemostatik-malzeme","12":"product_tag-ethicon-kan-durdurucu","13":"product_tag-okside-seluloz-pansuman","14":"product_tag-surgicel-1902gb","16":"first","17":"instock","18":"shipping-taxable","19":"product-type-simple"},"_links":{"self":[{"href":"https:\/\/berha.org\/en\/wp-json\/wp\/v2\/product\/8296","targetHints":{"allow":["GET"]}}],"collection":[{"href":"https:\/\/berha.org\/en\/wp-json\/wp\/v2\/product"}],"about":[{"href":"https:\/\/berha.org\/en\/wp-json\/wp\/v2\/types\/product"}],"wp:featuredmedia":[{"embeddable":true,"href":"https:\/\/berha.org\/en\/wp-json\/wp\/v2\/media\/7741"}],"wp:attachment":[{"href":"https:\/\/berha.org\/en\/wp-json\/wp\/v2\/media?parent=8296"}],"wp:term":[{"taxonomy":"product_brand","embeddable":true,"href":"https:\/\/berha.org\/en\/wp-json\/wp\/v2\/product_brand?post=8296"},{"taxonomy":"product_cat","embeddable":true,"href":"https:\/\/berha.org\/en\/wp-json\/wp\/v2\/product_cat?post=8296"},{"taxonomy":"product_tag","embeddable":true,"href":"https:\/\/berha.org\/en\/wp-json\/wp\/v2\/product_tag?post=8296"}],"curies":[{"name":"wp","href":"https:\/\/api.w.org\/{rel}","templated":true}]}}