{"id":8295,"date":"2025-07-20T22:51:35","date_gmt":"2025-07-20T19:51:35","guid":{"rendered":"https:\/\/berha.org\/en\/?post_type=product&#038;p=8295"},"modified":"2025-07-20T22:51:41","modified_gmt":"2025-07-20T19:51:41","slug":"surgicel-1901gb-12-x-5-x-35","status":"publish","type":"product","link":"https:\/\/berha.org\/en\/urun\/surgicel-1901gb-12-x-5-x-35\/","title":{"rendered":"Surgicel 1901GB 12 x 5 x 35"},"content":{"rendered":"<p>Surgicel 1901GB, cerrahi i\u015flemler s\u0131ras\u0131nda olu\u015fan kanamalar\u0131 durdurmak amac\u0131yla kullan\u0131lan emilebilir hemostatik bir \u00f6rt\u00fcd\u00fcr. 12x5x35 mm boyutlar\u0131ndaki bu \u00fcr\u00fcn, dokuya uyguland\u0131\u011f\u0131nda h\u0131zla \u00e7\u00f6z\u00fcnerek etkin kanama kontrol\u00fc sa\u011flar. Steril yap\u0131s\u0131 sayesinde enfeksiyon riskini azalt\u0131r. Vask\u00fcler ve genel cerrahilerde yayg\u0131n olarak tercih edilir.<\/p>\n","protected":false},"excerpt":{"rendered":"<p>\u00dcr\u00fcn: Surgicel Hemostatik Yama<\/p>\n<p>Kod: 1901GB<\/p>\n<p>Boyut: 12 x 5 x 35 mm<\/p>\n<p>Steril, emilebilir<\/p>\n","protected":false},"featured_media":7740,"template":"","meta":[],"product_brand":[1651],"product_cat":[1646,1676],"product_tag":[2157,2158,2159,2160,2161,2162],"class_list":{"0":"post-8295","1":"product","2":"type-product","3":"status-publish","4":"has-post-thumbnail","6":"product_brand-ethicon","7":"product_cat-ethicon-surgical","8":"product_cat-global-cerrahi-markalar","9":"product_tag-cerrahi-kan-durdurucu","10":"product_tag-ethicon-hemostatik-urun","11":"product_tag-ethicon-surgicel-1901gb","12":"product_tag-kan-durdurucu-12x5x35","13":"product_tag-laparoskopik-kanamayi-durdurma-malzemesi","14":"product_tag-okside-seluloz-hemostat","16":"first","17":"instock","18":"shipping-taxable","19":"product-type-simple"},"_links":{"self":[{"href":"https:\/\/berha.org\/en\/wp-json\/wp\/v2\/product\/8295","targetHints":{"allow":["GET"]}}],"collection":[{"href":"https:\/\/berha.org\/en\/wp-json\/wp\/v2\/product"}],"about":[{"href":"https:\/\/berha.org\/en\/wp-json\/wp\/v2\/types\/product"}],"wp:featuredmedia":[{"embeddable":true,"href":"https:\/\/berha.org\/en\/wp-json\/wp\/v2\/media\/7740"}],"wp:attachment":[{"href":"https:\/\/berha.org\/en\/wp-json\/wp\/v2\/media?parent=8295"}],"wp:term":[{"taxonomy":"product_brand","embeddable":true,"href":"https:\/\/berha.org\/en\/wp-json\/wp\/v2\/product_brand?post=8295"},{"taxonomy":"product_cat","embeddable":true,"href":"https:\/\/berha.org\/en\/wp-json\/wp\/v2\/product_cat?post=8295"},{"taxonomy":"product_tag","embeddable":true,"href":"https:\/\/berha.org\/en\/wp-json\/wp\/v2\/product_tag?post=8295"}],"curies":[{"name":"wp","href":"https:\/\/api.w.org\/{rel}","templated":true}]}}