{"id":8294,"date":"2025-07-20T22:51:35","date_gmt":"2025-07-20T19:51:35","guid":{"rendered":"https:\/\/berha.org\/en\/?post_type=product&#038;p=8294"},"modified":"2025-07-20T22:51:40","modified_gmt":"2025-07-20T19:51:40","slug":"sr75-ethicon-linear-cutter-reloads","status":"publish","type":"product","link":"https:\/\/berha.org\/en\/urun\/sr75-ethicon-linear-cutter-reloads\/","title":{"rendered":"Sr75 Ethicon Linear Cutter Reloads"},"content":{"rendered":"<p>SR75 Stapler, cerrahi doku kapama i\u015flemlerinde kullan\u0131lan 75 mm uzunlu\u011funda bir z\u0131mbalama cihaz\u0131d\u0131r. Geni\u015f \u00e7al\u0131\u015fma alanlar\u0131nda g\u00fcvenli ve h\u0131zl\u0131 z\u0131mbalama sa\u011flar. Tek kullan\u0131ml\u0131k ve steril yap\u0131s\u0131 sayesinde enfeksiyon riski azalt\u0131lm\u0131\u015ft\u0131r. Cerrah\u0131n operasyon s\u0131ras\u0131nda kontrol\u00fcn\u00fc art\u0131ran ergonomik bir cihazd\u0131r.<\/p>\n","protected":false},"excerpt":{"rendered":"<p>\u00dcr\u00fcn: SR75 Stapler<\/p>\n<p>Uzunluk: 75 mm<\/p>\n<p>Cerrahi doku kapama<\/p>\n<p>Tek kullan\u0131ml\u0131k<\/p>\n","protected":false},"featured_media":7739,"template":"","meta":[],"product_brand":[1651],"product_cat":[1646,1676],"product_tag":[2151,2152,2153,2154,2155,2156],"class_list":{"0":"post-8294","1":"product","2":"type-product","3":"status-publish","4":"has-post-thumbnail","6":"product_brand-ethicon","7":"product_cat-ethicon-surgical","8":"product_cat-global-cerrahi-markalar","9":"product_tag-75mm-stapler-reload","10":"product_tag-b2b-stapler-yedek","11":"product_tag-cerrahi-reload-kartus","12":"product_tag-ethicon-sr75","13":"product_tag-ethicon-tek-kullanimlik-stapler-kartus","14":"product_tag-lineer-zimba-kartusu","16":"first","17":"instock","18":"shipping-taxable","19":"product-type-simple"},"_links":{"self":[{"href":"https:\/\/berha.org\/en\/wp-json\/wp\/v2\/product\/8294","targetHints":{"allow":["GET"]}}],"collection":[{"href":"https:\/\/berha.org\/en\/wp-json\/wp\/v2\/product"}],"about":[{"href":"https:\/\/berha.org\/en\/wp-json\/wp\/v2\/types\/product"}],"wp:featuredmedia":[{"embeddable":true,"href":"https:\/\/berha.org\/en\/wp-json\/wp\/v2\/media\/7739"}],"wp:attachment":[{"href":"https:\/\/berha.org\/en\/wp-json\/wp\/v2\/media?parent=8294"}],"wp:term":[{"taxonomy":"product_brand","embeddable":true,"href":"https:\/\/berha.org\/en\/wp-json\/wp\/v2\/product_brand?post=8294"},{"taxonomy":"product_cat","embeddable":true,"href":"https:\/\/berha.org\/en\/wp-json\/wp\/v2\/product_cat?post=8294"},{"taxonomy":"product_tag","embeddable":true,"href":"https:\/\/berha.org\/en\/wp-json\/wp\/v2\/product_tag?post=8294"}],"curies":[{"name":"wp","href":"https:\/\/api.w.org\/{rel}","templated":true}]}}