{"id":8293,"date":"2025-07-20T22:51:35","date_gmt":"2025-07-20T19:51:35","guid":{"rendered":"https:\/\/berha.org\/en\/?post_type=product&#038;p=8293"},"modified":"2025-07-20T22:51:40","modified_gmt":"2025-07-20T19:51:40","slug":"ethicon-sr55-linear-cutter-reload-selectable-55mm","status":"publish","type":"product","link":"https:\/\/berha.org\/en\/urun\/ethicon-sr55-linear-cutter-reload-selectable-55mm\/","title":{"rendered":"Ethicon SR55 Linear Cutter Reload, Selectable, 55mm"},"content":{"rendered":"<p>SR55 Stapler, 55 mm uzunlu\u011funda, cerrahi doku kapama ve hemostaz amac\u0131yla kullan\u0131lan tek kullan\u0131ml\u0131k bir cihazd\u0131r. Ergonomik tasar\u0131m\u0131, cerrahi alanda kullan\u0131m kolayl\u0131\u011f\u0131 sa\u011flar. Keskin ve g\u00fcvenilir z\u0131mbalama sistemi, i\u015flem g\u00fcvenli\u011fini art\u0131r\u0131r. Minimal invaziv cerrahilerde etkili ve pratik bir \u00e7\u00f6z\u00fcmd\u00fcr.<\/p>\n","protected":false},"excerpt":{"rendered":"<p>\u00dcr\u00fcn: SR55 Stapler<\/p>\n<p>Uzunluk: 55 mm<\/p>\n<p>Doku z\u0131mbalama arac\u0131<\/p>\n<p>Tek kullan\u0131ml\u0131k<\/p>\n","protected":false},"featured_media":7729,"template":"","meta":[],"product_brand":[1651],"product_cat":[1646,1676],"product_tag":[2144,2145,2146,2147,2148,2149,2150],"class_list":{"0":"post-8293","1":"product","2":"type-product","3":"status-publish","4":"has-post-thumbnail","6":"product_brand-ethicon","7":"product_cat-ethicon-surgical","8":"product_cat-global-cerrahi-markalar","9":"product_tag-55mm-reload","10":"product_tag-cerrahi-zimba-yedegi","11":"product_tag-ethicon-sr55","12":"product_tag-ethicon-staple-refill","13":"product_tag-lineer-stapler-yedegi","14":"product_tag-stapler-reload-kartus","15":"product_tag-tek-kullanimlik-kartus","17":"first","18":"instock","19":"shipping-taxable","20":"product-type-simple"},"_links":{"self":[{"href":"https:\/\/berha.org\/en\/wp-json\/wp\/v2\/product\/8293","targetHints":{"allow":["GET"]}}],"collection":[{"href":"https:\/\/berha.org\/en\/wp-json\/wp\/v2\/product"}],"about":[{"href":"https:\/\/berha.org\/en\/wp-json\/wp\/v2\/types\/product"}],"wp:featuredmedia":[{"embeddable":true,"href":"https:\/\/berha.org\/en\/wp-json\/wp\/v2\/media\/7729"}],"wp:attachment":[{"href":"https:\/\/berha.org\/en\/wp-json\/wp\/v2\/media?parent=8293"}],"wp:term":[{"taxonomy":"product_brand","embeddable":true,"href":"https:\/\/berha.org\/en\/wp-json\/wp\/v2\/product_brand?post=8293"},{"taxonomy":"product_cat","embeddable":true,"href":"https:\/\/berha.org\/en\/wp-json\/wp\/v2\/product_cat?post=8293"},{"taxonomy":"product_tag","embeddable":true,"href":"https:\/\/berha.org\/en\/wp-json\/wp\/v2\/product_tag?post=8293"}],"curies":[{"name":"wp","href":"https:\/\/api.w.org\/{rel}","templated":true}]}}