{"id":8292,"date":"2025-07-20T22:51:35","date_gmt":"2025-07-20T19:51:35","guid":{"rendered":"https:\/\/berha.org\/en\/?post_type=product&#038;p=8292"},"modified":"2025-07-20T22:51:40","modified_gmt":"2025-07-20T19:51:40","slug":"ntlc75-linear-cutter","status":"publish","type":"product","link":"https:\/\/berha.org\/en\/urun\/ntlc75-linear-cutter\/","title":{"rendered":"Ntlc75 Linear Cutter"},"content":{"rendered":"<p>NTLC75 Linear Cutter, cerrahi doku kesimi ve z\u0131mbalamas\u0131 i\u015flemlerinde kullan\u0131lan 75 mm uzunlu\u011funda bir cihazd\u0131r. Y\u00fcksek hassasiyetli z\u0131mbalama hatt\u0131, g\u00fcvenilir doku kapama sa\u011flar. Geni\u015f stapler uzunlu\u011fu sayesinde b\u00fcy\u00fck alanlarda etkili sonu\u00e7lar verir. Steril ve tek kullan\u0131ml\u0131k formuyla operasyon s\u00fcrecinde g\u00fcvenli\u011fi art\u0131r\u0131r.<\/p>\n","protected":false},"excerpt":{"rendered":"<p>\u00dcr\u00fcn: Linear Cutter<\/p>\n<p>Kod: NTLC75<\/p>\n<p>Z\u0131mbalama ve kesme arac\u0131<\/p>\n<p>75 mm uzunluk<\/p>\n","protected":false},"featured_media":7728,"template":"","meta":[],"product_brand":[1651],"product_cat":[1646,1676],"product_tag":[2137,2138,2139,2140,2141,2142,2143,1324],"class_list":{"0":"post-8292","1":"product","2":"type-product","3":"status-publish","4":"has-post-thumbnail","6":"product_brand-ethicon","7":"product_cat-ethicon-surgical","8":"product_cat-global-cerrahi-markalar","9":"product_tag-75mm-zimba","10":"product_tag-b2b-stapler-cihazi","11":"product_tag-cerrahi-lineer-stapler","12":"product_tag-ethicon-ntlc75","13":"product_tag-ethicon-stapler-cutter","14":"product_tag-laparoskopik-linear-stapler","15":"product_tag-linear-stapler","16":"product_tag-tek-kullanimlik-stapler","18":"first","19":"instock","20":"shipping-taxable","21":"product-type-simple"},"_links":{"self":[{"href":"https:\/\/berha.org\/en\/wp-json\/wp\/v2\/product\/8292","targetHints":{"allow":["GET"]}}],"collection":[{"href":"https:\/\/berha.org\/en\/wp-json\/wp\/v2\/product"}],"about":[{"href":"https:\/\/berha.org\/en\/wp-json\/wp\/v2\/types\/product"}],"wp:featuredmedia":[{"embeddable":true,"href":"https:\/\/berha.org\/en\/wp-json\/wp\/v2\/media\/7728"}],"wp:attachment":[{"href":"https:\/\/berha.org\/en\/wp-json\/wp\/v2\/media?parent=8292"}],"wp:term":[{"taxonomy":"product_brand","embeddable":true,"href":"https:\/\/berha.org\/en\/wp-json\/wp\/v2\/product_brand?post=8292"},{"taxonomy":"product_cat","embeddable":true,"href":"https:\/\/berha.org\/en\/wp-json\/wp\/v2\/product_cat?post=8292"},{"taxonomy":"product_tag","embeddable":true,"href":"https:\/\/berha.org\/en\/wp-json\/wp\/v2\/product_tag?post=8292"}],"curies":[{"name":"wp","href":"https:\/\/api.w.org\/{rel}","templated":true}]}}