{"id":8291,"date":"2025-07-20T22:51:35","date_gmt":"2025-07-20T19:51:35","guid":{"rendered":"https:\/\/berha.org\/en\/?post_type=product&#038;p=8291"},"modified":"2025-07-20T22:51:39","modified_gmt":"2025-07-20T19:51:39","slug":"nsgl2s35-tissue-sealer","status":"publish","type":"product","link":"https:\/\/berha.org\/en\/urun\/nsgl2s35-tissue-sealer\/","title":{"rendered":"NSGL2S35 Tissue Sealer"},"content":{"rendered":"<p>NSGL2S35 Tissue Sealer, cerrahi doku m\u00fch\u00fcrleme ve kesme i\u015flemleri i\u00e7in \u00f6zel olarak tasarlanm\u0131\u015ft\u0131r. Elektrofizyolojik enerji sistemiyle \u00e7al\u0131\u015fan bu cihaz, minimal invaziv cerrahilerde g\u00fcvenli ve etkili sonu\u00e7lar sunar. Steril ve tek kullan\u0131ml\u0131k yap\u0131s\u0131, enfeksiyon kontrol\u00fc sa\u011flar. Hassas u\u00e7 yap\u0131s\u0131, dokuya zarar vermeden i\u015flem yap\u0131lmas\u0131n\u0131 m\u00fcmk\u00fcn k\u0131lar.<\/p>\n","protected":false},"excerpt":{"rendered":"<p>\u00dcr\u00fcn: Tissue Sealer<\/p>\n<p>Kod: NSGL2S35<\/p>\n<p>Doku m\u00fch\u00fcrleme ve kesme<\/p>\n<p>Tek kullan\u0131ml\u0131k<\/p>\n","protected":false},"featured_media":7727,"template":"","meta":[],"product_brand":[1651],"product_cat":[1646,1676],"product_tag":[2129,2130,2131,2132,2133,2134,2135,2136],"class_list":{"0":"post-8291","1":"product","2":"type-product","3":"status-publish","4":"has-post-thumbnail","6":"product_brand-ethicon","7":"product_cat-ethicon-surgical","8":"product_cat-global-cerrahi-markalar","9":"product_tag-b2b-ethicon-enerji-cihazi","10":"product_tag-ethicon-sealer","11":"product_tag-laparoscopic-energy-device","12":"product_tag-nsgl2s35","13":"product_tag-tek-kullanimlik-sealer","14":"product_tag-tissue-sealing-device","15":"product_tag-ultrasonic-doku-muhurleyici","16":"product_tag-vessel-sealer","18":"first","19":"instock","20":"shipping-taxable","21":"product-type-simple"},"_links":{"self":[{"href":"https:\/\/berha.org\/en\/wp-json\/wp\/v2\/product\/8291","targetHints":{"allow":["GET"]}}],"collection":[{"href":"https:\/\/berha.org\/en\/wp-json\/wp\/v2\/product"}],"about":[{"href":"https:\/\/berha.org\/en\/wp-json\/wp\/v2\/types\/product"}],"wp:featuredmedia":[{"embeddable":true,"href":"https:\/\/berha.org\/en\/wp-json\/wp\/v2\/media\/7727"}],"wp:attachment":[{"href":"https:\/\/berha.org\/en\/wp-json\/wp\/v2\/media?parent=8291"}],"wp:term":[{"taxonomy":"product_brand","embeddable":true,"href":"https:\/\/berha.org\/en\/wp-json\/wp\/v2\/product_brand?post=8291"},{"taxonomy":"product_cat","embeddable":true,"href":"https:\/\/berha.org\/en\/wp-json\/wp\/v2\/product_cat?post=8291"},{"taxonomy":"product_tag","embeddable":true,"href":"https:\/\/berha.org\/en\/wp-json\/wp\/v2\/product_tag?post=8291"}],"curies":[{"name":"wp","href":"https:\/\/api.w.org\/{rel}","templated":true}]}}