{"id":8289,"date":"2025-07-20T22:51:35","date_gmt":"2025-07-20T19:51:35","guid":{"rendered":"https:\/\/berha.org\/en\/?post_type=product&#038;p=8289"},"modified":"2025-07-20T22:51:39","modified_gmt":"2025-07-20T19:51:39","slug":"harmonic-har9f-ethicon","status":"publish","type":"product","link":"https:\/\/berha.org\/en\/urun\/harmonic-har9f-ethicon\/","title":{"rendered":"HARMON\u0130C HAR9F ETH\u0130CON"},"content":{"rendered":"<p>Ethicon HAR9F Harmonic Shears, 9 cm\u2019lik k\u0131sa yap\u0131s\u0131yla hassas ve s\u0131n\u0131rl\u0131 alanlarda maksimum manevra kabiliyeti sunan ultrasonik cerrahi makast\u0131r. Mikroskobik doku kesimi ve m\u00fch\u00fcrleme i\u015flemlerinde y\u00fcksek hassasiyet sa\u011flar. K\u00fc\u00e7\u00fck laparoskopik giri\u015fler i\u00e7in idealdir. Tek kullan\u0131ml\u0131k ve steril yap\u0131dad\u0131r.<\/p>\n","protected":false},"excerpt":{"rendered":"<p>\u00dcr\u00fcn: Harmonic Shears<\/p>\n<p>Kod: HAR9F<\/p>\n<p>Uzunluk: 9 cm<\/p>\n<p>Mikro laparoskopik uygulama<\/p>\n","protected":false},"featured_media":7723,"template":"","meta":[],"product_brand":[1651],"product_cat":[1646,1676],"product_tag":[2115,2116,2117,2118,2119,2120],"class_list":{"0":"post-8289","1":"product","2":"type-product","3":"status-publish","4":"has-post-thumbnail","6":"product_brand-ethicon","7":"product_cat-ethicon-surgical","8":"product_cat-global-cerrahi-markalar","9":"product_tag-9cm-harmonic-cutter","10":"product_tag-cerrahi-kesici-makas","11":"product_tag-ethicon-ultrasonic-makas","12":"product_tag-harmonic-shear-har9f","13":"product_tag-kisa-harmonic-cihaz","14":"product_tag-laparoskopik-ultrasonic-sealer","16":"first","17":"instock","18":"shipping-taxable","19":"product-type-simple"},"_links":{"self":[{"href":"https:\/\/berha.org\/en\/wp-json\/wp\/v2\/product\/8289","targetHints":{"allow":["GET"]}}],"collection":[{"href":"https:\/\/berha.org\/en\/wp-json\/wp\/v2\/product"}],"about":[{"href":"https:\/\/berha.org\/en\/wp-json\/wp\/v2\/types\/product"}],"wp:featuredmedia":[{"embeddable":true,"href":"https:\/\/berha.org\/en\/wp-json\/wp\/v2\/media\/7723"}],"wp:attachment":[{"href":"https:\/\/berha.org\/en\/wp-json\/wp\/v2\/media?parent=8289"}],"wp:term":[{"taxonomy":"product_brand","embeddable":true,"href":"https:\/\/berha.org\/en\/wp-json\/wp\/v2\/product_brand?post=8289"},{"taxonomy":"product_cat","embeddable":true,"href":"https:\/\/berha.org\/en\/wp-json\/wp\/v2\/product_cat?post=8289"},{"taxonomy":"product_tag","embeddable":true,"href":"https:\/\/berha.org\/en\/wp-json\/wp\/v2\/product_tag?post=8289"}],"curies":[{"name":"wp","href":"https:\/\/api.w.org\/{rel}","templated":true}]}}