{"id":8288,"date":"2025-07-20T22:51:35","date_gmt":"2025-07-20T19:51:35","guid":{"rendered":"https:\/\/berha.org\/en\/?post_type=product&#038;p=8288"},"modified":"2025-07-20T22:51:38","modified_gmt":"2025-07-20T19:51:38","slug":"harmonic-har45-ethicon","status":"publish","type":"product","link":"https:\/\/berha.org\/en\/urun\/harmonic-har45-ethicon\/","title":{"rendered":"HARMON\u0130C HAR45 ETH\u0130CON"},"content":{"rendered":"<p>HAR45 Harmonic Shears, Ethicon taraf\u0131ndan geli\u015ftirilen ve 45 cm uzunlu\u011fuyla derin cerrahi alanlarda kullan\u0131m imk\u00e2n\u0131 sunan bir ultrasonik kesme ve m\u00fch\u00fcrleme cihaz\u0131d\u0131r. Geni\u015f cerrahi alanlara eri\u015fim kolayl\u0131\u011f\u0131 sa\u011flarken, minimal doku hasar\u0131 ile etkili sonu\u00e7lar sunar. Steril ve tek kullan\u0131ml\u0131k olarak kullan\u0131ma haz\u0131rd\u0131r.<\/p>\n","protected":false},"excerpt":{"rendered":"<p>\u00dcr\u00fcn: Harmonic Shears<\/p>\n<p>Kod: HAR45<\/p>\n<p>Uzunluk: 45 cm<\/p>\n<p>Ultrasonik enerji teknolojisi<\/p>\n","protected":false},"featured_media":7721,"template":"","meta":[],"product_brand":[1651],"product_cat":[1646,1676],"product_tag":[2110,2111,2112,2101,2113,2097,2114],"class_list":{"0":"post-8288","1":"product","2":"type-product","3":"status-publish","4":"has-post-thumbnail","6":"product_brand-ethicon","7":"product_cat-ethicon-surgical","8":"product_cat-global-cerrahi-markalar","9":"product_tag-45cm-enerji-cihazi","10":"product_tag-b2b-medikal-enerji-makasi","11":"product_tag-ethicon-harmonic-har45","12":"product_tag-laparoscopic-harmonic-cutter","13":"product_tag-tek-kullanimlik-cerrahi-enerji-cihazi","14":"product_tag-ultrasonic-shear","15":"product_tag-uzun-harmonic-sealer","17":"first","18":"instock","19":"shipping-taxable","20":"product-type-simple"},"_links":{"self":[{"href":"https:\/\/berha.org\/en\/wp-json\/wp\/v2\/product\/8288","targetHints":{"allow":["GET"]}}],"collection":[{"href":"https:\/\/berha.org\/en\/wp-json\/wp\/v2\/product"}],"about":[{"href":"https:\/\/berha.org\/en\/wp-json\/wp\/v2\/types\/product"}],"wp:featuredmedia":[{"embeddable":true,"href":"https:\/\/berha.org\/en\/wp-json\/wp\/v2\/media\/7721"}],"wp:attachment":[{"href":"https:\/\/berha.org\/en\/wp-json\/wp\/v2\/media?parent=8288"}],"wp:term":[{"taxonomy":"product_brand","embeddable":true,"href":"https:\/\/berha.org\/en\/wp-json\/wp\/v2\/product_brand?post=8288"},{"taxonomy":"product_cat","embeddable":true,"href":"https:\/\/berha.org\/en\/wp-json\/wp\/v2\/product_cat?post=8288"},{"taxonomy":"product_tag","embeddable":true,"href":"https:\/\/berha.org\/en\/wp-json\/wp\/v2\/product_tag?post=8288"}],"curies":[{"name":"wp","href":"https:\/\/api.w.org\/{rel}","templated":true}]}}