{"id":8287,"date":"2025-07-20T22:51:35","date_gmt":"2025-07-20T19:51:35","guid":{"rendered":"https:\/\/berha.org\/en\/?post_type=product&#038;p=8287"},"modified":"2025-07-20T22:51:38","modified_gmt":"2025-07-20T19:51:38","slug":"har36-harmonic-laparsokopic-shears","status":"publish","type":"product","link":"https:\/\/berha.org\/en\/urun\/har36-harmonic-laparsokopic-shears\/","title":{"rendered":"Har36 Harmonic Laparsokopic Shears"},"content":{"rendered":"<p>HAR36 Harmonic Laparoscopic Shears, 36 cm uzunlu\u011fu ile derin anatomik b\u00f6lgelere ula\u015fmak i\u00e7in tasarlanm\u0131\u015f, tek kullan\u0131ml\u0131k ultrasonik cerrahi makast\u0131r. Y\u00fcksek hassasiyetli kesim ve m\u00fch\u00fcrleme i\u015flemlerini d\u00fc\u015f\u00fck termal etkiyle ger\u00e7ekle\u015ftirir. Laparoskopik prosed\u00fcrlerde cerrah\u0131n kontrol\u00fcn\u00fc art\u0131r\u0131r ve cerrahi etkinli\u011fi optimize eder.<\/p>\n","protected":false},"excerpt":{"rendered":"<p>\u00dcr\u00fcn: Harmonic Shears<\/p>\n<p>Kod: HAR36<\/p>\n<p>Uzunluk: 36 cm<\/p>\n<p>Tek kullan\u0131ml\u0131k, ultrasonik<\/p>\n","protected":false},"featured_media":7718,"template":"","meta":[],"product_brand":[1651],"product_cat":[1646,1676],"product_tag":[2103,2104,2105,2106,2107,2108,2109],"class_list":{"0":"post-8287","1":"product","2":"type-product","3":"status-publish","4":"has-post-thumbnail","6":"product_brand-ethicon","7":"product_cat-ethicon-surgical","8":"product_cat-global-cerrahi-markalar","9":"product_tag-36cm-harmonic","10":"product_tag-b2b-laparoscopic-energy-device","11":"product_tag-ethicon-ultrasonic-sealer","12":"product_tag-har36","13":"product_tag-harmonic-cutter","14":"product_tag-ultrasonic-scissors","15":"product_tag-uzun-harmonic-cihaz","17":"first","18":"instock","19":"shipping-taxable","20":"product-type-simple"},"_links":{"self":[{"href":"https:\/\/berha.org\/en\/wp-json\/wp\/v2\/product\/8287","targetHints":{"allow":["GET"]}}],"collection":[{"href":"https:\/\/berha.org\/en\/wp-json\/wp\/v2\/product"}],"about":[{"href":"https:\/\/berha.org\/en\/wp-json\/wp\/v2\/types\/product"}],"wp:featuredmedia":[{"embeddable":true,"href":"https:\/\/berha.org\/en\/wp-json\/wp\/v2\/media\/7718"}],"wp:attachment":[{"href":"https:\/\/berha.org\/en\/wp-json\/wp\/v2\/media?parent=8287"}],"wp:term":[{"taxonomy":"product_brand","embeddable":true,"href":"https:\/\/berha.org\/en\/wp-json\/wp\/v2\/product_brand?post=8287"},{"taxonomy":"product_cat","embeddable":true,"href":"https:\/\/berha.org\/en\/wp-json\/wp\/v2\/product_cat?post=8287"},{"taxonomy":"product_tag","embeddable":true,"href":"https:\/\/berha.org\/en\/wp-json\/wp\/v2\/product_tag?post=8287"}],"curies":[{"name":"wp","href":"https:\/\/api.w.org\/{rel}","templated":true}]}}