{"id":8286,"date":"2025-07-20T22:51:35","date_gmt":"2025-07-20T19:51:35","guid":{"rendered":"https:\/\/berha.org\/en\/?post_type=product&#038;p=8286"},"modified":"2025-07-20T22:51:38","modified_gmt":"2025-07-20T19:51:38","slug":"har23-harmonic-laparoskopic-shears","status":"publish","type":"product","link":"https:\/\/berha.org\/en\/urun\/har23-harmonic-laparoskopic-shears\/","title":{"rendered":"Har23 \u2013 Harmonic Laparoskopic Shears"},"content":{"rendered":"<p>HAR23 Harmonic Laparoscopic Shears, 23 cm uzunlu\u011fa sahip, ultrasonik enerjiyle \u00e7al\u0131\u015fan geli\u015fmi\u015f bir cerrahi alettir. Doku m\u00fch\u00fcrleme ve kesme i\u015flemlerini e\u015f zamanl\u0131 ger\u00e7ekle\u015ftirerek operasyon s\u00fcresini k\u0131salt\u0131r. D\u00fc\u015f\u00fck termal hasar ve minimal kanama ile dokuya maksimum sayg\u0131 g\u00f6sterir. Steril ve tek kullan\u0131ml\u0131k olarak sunulur, laparoskopik cerrahilerde y\u00fcksek performans sa\u011flar.<\/p>\n","protected":false},"excerpt":{"rendered":"<p>\u00dcr\u00fcn: Harmonic Shears<\/p>\n<p>Kod: HAR23<\/p>\n<p>Uzunluk: 23 cm<\/p>\n<p>Ultrasonik cerrahi makas<\/p>\n","protected":false},"featured_media":7717,"template":"","meta":[],"product_brand":[1651],"product_cat":[1646,1676],"product_tag":[1960,2098,2099,2100,2101,2102,2097],"class_list":{"0":"post-8286","1":"product","2":"type-product","3":"status-publish","4":"has-post-thumbnail","6":"product_brand-ethicon","7":"product_cat-ethicon-surgical","8":"product_cat-global-cerrahi-markalar","9":"product_tag-cerrahi-enerji-cihazi","10":"product_tag-enerji-makasi","11":"product_tag-ethicon-harmonic-23cm","12":"product_tag-har23","13":"product_tag-laparoscopic-harmonic-cutter","14":"product_tag-tek-kullanimlik-laparoscopic-shear","15":"product_tag-ultrasonic-shear","17":"first","18":"instock","19":"shipping-taxable","20":"product-type-simple"},"_links":{"self":[{"href":"https:\/\/berha.org\/en\/wp-json\/wp\/v2\/product\/8286","targetHints":{"allow":["GET"]}}],"collection":[{"href":"https:\/\/berha.org\/en\/wp-json\/wp\/v2\/product"}],"about":[{"href":"https:\/\/berha.org\/en\/wp-json\/wp\/v2\/types\/product"}],"wp:featuredmedia":[{"embeddable":true,"href":"https:\/\/berha.org\/en\/wp-json\/wp\/v2\/media\/7717"}],"wp:attachment":[{"href":"https:\/\/berha.org\/en\/wp-json\/wp\/v2\/media?parent=8286"}],"wp:term":[{"taxonomy":"product_brand","embeddable":true,"href":"https:\/\/berha.org\/en\/wp-json\/wp\/v2\/product_brand?post=8286"},{"taxonomy":"product_cat","embeddable":true,"href":"https:\/\/berha.org\/en\/wp-json\/wp\/v2\/product_cat?post=8286"},{"taxonomy":"product_tag","embeddable":true,"href":"https:\/\/berha.org\/en\/wp-json\/wp\/v2\/product_tag?post=8286"}],"curies":[{"name":"wp","href":"https:\/\/api.w.org\/{rel}","templated":true}]}}