{"id":8285,"date":"2025-07-20T22:51:34","date_gmt":"2025-07-20T19:51:34","guid":{"rendered":"https:\/\/berha.org\/en\/?post_type=product&#038;p=8285"},"modified":"2025-07-20T22:51:37","modified_gmt":"2025-07-20T19:51:37","slug":"har17f-harmonic-laparoskopic-shears","status":"publish","type":"product","link":"https:\/\/berha.org\/en\/urun\/har17f-harmonic-laparoskopic-shears\/","title":{"rendered":"HAR17F \u2013 Harmonic Laparoskopic Shears"},"content":{"rendered":"<p>HAR17F Harmonic Shears, ultrasonik enerjiyle \u00e7al\u0131\u015fan, doku kesme ve m\u00fch\u00fcrleme i\u015flemlerini bir arada ger\u00e7ekle\u015ftiren laparoskopik cerrahi aletidir. 17 cm uzunlu\u011fundaki yap\u0131s\u0131 ile dar cerrahi alanlarda etkili kullan\u0131m sa\u011flar. Kanamas\u0131z kesim ve d\u00fc\u015f\u00fck \u0131s\u0131 hasar\u0131 avantajlar\u0131 ile dokuya minimum travma uygular. Steril, tek kullan\u0131ml\u0131k ambalaj\u0131yla sunulur.<\/p>\n","protected":false},"excerpt":{"rendered":"<p>\u00dcr\u00fcn: Harmonic Shears<\/p>\n<p>Kod: HAR17F<\/p>\n<p>Uzunluk: 17 cm<\/p>\n<p>Ultrasonik kesici ve m\u00fch\u00fcrleyici<\/p>\n","protected":false},"featured_media":7715,"template":"","meta":[],"product_brand":[1651],"product_cat":[1646,1676],"product_tag":[2089,2090,2091,2092,2093,2094,2095,2096,2097],"class_list":{"0":"post-8285","1":"product","2":"type-product","3":"status-publish","4":"has-post-thumbnail","6":"product_brand-ethicon","7":"product_cat-ethicon-surgical","8":"product_cat-global-cerrahi-markalar","9":"product_tag-b2b-medikal-enerji-cihazi","10":"product_tag-enerji-tabanli-cerrahi-makas","11":"product_tag-ethicon-harmonic","12":"product_tag-ethicon-harmonic-scalpel","13":"product_tag-har17f","14":"product_tag-harmonic-laparoskopik-makas","15":"product_tag-laparoskopik-kesici-cihaz","16":"product_tag-tek-kullanimlik-harmonic-cihazi","17":"product_tag-ultrasonic-shear","19":"first","20":"instock","21":"shipping-taxable","22":"product-type-simple"},"_links":{"self":[{"href":"https:\/\/berha.org\/en\/wp-json\/wp\/v2\/product\/8285","targetHints":{"allow":["GET"]}}],"collection":[{"href":"https:\/\/berha.org\/en\/wp-json\/wp\/v2\/product"}],"about":[{"href":"https:\/\/berha.org\/en\/wp-json\/wp\/v2\/types\/product"}],"wp:featuredmedia":[{"embeddable":true,"href":"https:\/\/berha.org\/en\/wp-json\/wp\/v2\/media\/7715"}],"wp:attachment":[{"href":"https:\/\/berha.org\/en\/wp-json\/wp\/v2\/media?parent=8285"}],"wp:term":[{"taxonomy":"product_brand","embeddable":true,"href":"https:\/\/berha.org\/en\/wp-json\/wp\/v2\/product_brand?post=8285"},{"taxonomy":"product_cat","embeddable":true,"href":"https:\/\/berha.org\/en\/wp-json\/wp\/v2\/product_cat?post=8285"},{"taxonomy":"product_tag","embeddable":true,"href":"https:\/\/berha.org\/en\/wp-json\/wp\/v2\/product_tag?post=8285"}],"curies":[{"name":"wp","href":"https:\/\/api.w.org\/{rel}","templated":true}]}}