{"id":8284,"date":"2025-07-20T22:51:34","date_gmt":"2025-07-20T19:51:34","guid":{"rendered":"https:\/\/berha.org\/en\/?post_type=product&#038;p=8284"},"modified":"2025-07-20T22:51:37","modified_gmt":"2025-07-20T19:51:37","slug":"ecr60w-echelon","status":"publish","type":"product","link":"https:\/\/berha.org\/en\/urun\/ecr60w-echelon\/","title":{"rendered":"ECR60W Echelon"},"content":{"rendered":"<p>ECR60W Echelon Stapler, ince ve hassas dokular\u0131n z\u0131mbalanmas\u0131 i\u00e7in geli\u015ftirilmi\u015f 60 mm uzunlu\u011funda bir cerrahi cihazd\u0131r. Beyaz kartu\u015flu yap\u0131s\u0131, d\u00fc\u015f\u00fck diren\u00e7li alanlarda g\u00fcvenli kesim ve doku m\u00fch\u00fcrleme sa\u011flar. Tek kullan\u0131ml\u0131k ve steril \u00f6zellikteki cihaz, laparoskopik i\u015flemlerde g\u00fcvenle tercih edilir.<\/p>\n","protected":false},"excerpt":{"rendered":"<p>\u00dcr\u00fcn: Echelon Stapler<\/p>\n<p>Kod: ECR60W<\/p>\n<p>Renk: Beyaz kartu\u015f<\/p>\n<p>60 mm uzunluk, ince doku kullan\u0131m\u0131<\/p>\n","protected":false},"featured_media":7701,"template":"","meta":[],"product_brand":[1651],"product_cat":[1646,1676],"product_tag":[2081,2082,2083,2084,2085,2086,2087,2088,1935,1921],"class_list":{"0":"post-8284","1":"product","2":"type-product","3":"status-publish","4":"has-post-thumbnail","6":"product_brand-ethicon","7":"product_cat-ethicon-surgical","8":"product_cat-global-cerrahi-markalar","9":"product_tag-b2b-cerrahi-enerji-aleti","10":"product_tag-doku-muhurleyici","11":"product_tag-enerji-cihazi-ethicon","12":"product_tag-enseal-tissue-sealer","13":"product_tag-ensel-sealer","14":"product_tag-ethicon-curved-jaw-sealer","15":"product_tag-laparoskopik-doku-sealer","16":"product_tag-nslsx137c","17":"product_tag-tek-kullanimlik-enerji-cihazi","18":"product_tag-vessel-sealing-cihazi","20":"first","21":"instock","22":"shipping-taxable","23":"product-type-simple"},"_links":{"self":[{"href":"https:\/\/berha.org\/en\/wp-json\/wp\/v2\/product\/8284","targetHints":{"allow":["GET"]}}],"collection":[{"href":"https:\/\/berha.org\/en\/wp-json\/wp\/v2\/product"}],"about":[{"href":"https:\/\/berha.org\/en\/wp-json\/wp\/v2\/types\/product"}],"wp:featuredmedia":[{"embeddable":true,"href":"https:\/\/berha.org\/en\/wp-json\/wp\/v2\/media\/7701"}],"wp:attachment":[{"href":"https:\/\/berha.org\/en\/wp-json\/wp\/v2\/media?parent=8284"}],"wp:term":[{"taxonomy":"product_brand","embeddable":true,"href":"https:\/\/berha.org\/en\/wp-json\/wp\/v2\/product_brand?post=8284"},{"taxonomy":"product_cat","embeddable":true,"href":"https:\/\/berha.org\/en\/wp-json\/wp\/v2\/product_cat?post=8284"},{"taxonomy":"product_tag","embeddable":true,"href":"https:\/\/berha.org\/en\/wp-json\/wp\/v2\/product_tag?post=8284"}],"curies":[{"name":"wp","href":"https:\/\/api.w.org\/{rel}","templated":true}]}}