{"id":8283,"date":"2025-07-20T22:51:23","date_gmt":"2025-07-20T19:51:23","guid":{"rendered":"https:\/\/berha.org\/en\/?post_type=product&#038;p=8283"},"modified":"2025-07-20T22:51:33","modified_gmt":"2025-07-20T19:51:33","slug":"ecr60g-echelon-ethicon","status":"publish","type":"product","link":"https:\/\/berha.org\/en\/urun\/ecr60g-echelon-ethicon\/","title":{"rendered":"ECR60G Echelon Ethicon"},"content":{"rendered":"<p>Ethicon ECR60G, 60 mm uzunlu\u011funda, ye\u015fil kartu\u015flu stapler cihaz\u0131d\u0131r. Kal\u0131n dokular\u0131n g\u00fc\u00e7l\u00fc ve g\u00fcvenli \u015fekilde z\u0131mbalanmas\u0131n\u0131 sa\u011flar. Obezite ve genel cerrahi prosed\u00fcrlerinde y\u00fcksek performans sunar. Steril ve tek kullan\u0131ml\u0131k tasar\u0131m\u0131, kullan\u0131m kolayl\u0131\u011f\u0131 ve g\u00fcvenli\u011fi bir arada sunar.<\/p>\n","protected":false},"excerpt":{"rendered":"<p>\u00dcr\u00fcn: Echelon Stapler<\/p>\n<p>Kod: ECR60G<\/p>\n<p>Renk: Ye\u015fil kartu\u015f<\/p>\n<p>60 mm uzunluk, kal\u0131n doku kullan\u0131m\u0131<\/p>\n","protected":false},"featured_media":7700,"template":"","meta":[],"product_brand":[1651],"product_cat":[1646,1676],"product_tag":[2076,1714,2077,2078,2079,2080,1905],"class_list":{"0":"post-8283","1":"product","2":"type-product","3":"status-publish","4":"has-post-thumbnail","6":"product_brand-ethicon","7":"product_cat-ethicon-surgical","8":"product_cat-global-cerrahi-markalar","9":"product_tag-60mm-beyaz-stapler","10":"product_tag-ecr60w","11":"product_tag-ethicon-stapler-beyaz","12":"product_tag-ic-dikis-cihazi","13":"product_tag-jj-echelon-beyaz","14":"product_tag-laparoskopik-staple-sistemi","15":"product_tag-tek-kullanimlik-reload","17":"first","18":"instock","19":"shipping-taxable","20":"product-type-simple"},"_links":{"self":[{"href":"https:\/\/berha.org\/en\/wp-json\/wp\/v2\/product\/8283","targetHints":{"allow":["GET"]}}],"collection":[{"href":"https:\/\/berha.org\/en\/wp-json\/wp\/v2\/product"}],"about":[{"href":"https:\/\/berha.org\/en\/wp-json\/wp\/v2\/types\/product"}],"wp:featuredmedia":[{"embeddable":true,"href":"https:\/\/berha.org\/en\/wp-json\/wp\/v2\/media\/7700"}],"wp:attachment":[{"href":"https:\/\/berha.org\/en\/wp-json\/wp\/v2\/media?parent=8283"}],"wp:term":[{"taxonomy":"product_brand","embeddable":true,"href":"https:\/\/berha.org\/en\/wp-json\/wp\/v2\/product_brand?post=8283"},{"taxonomy":"product_cat","embeddable":true,"href":"https:\/\/berha.org\/en\/wp-json\/wp\/v2\/product_cat?post=8283"},{"taxonomy":"product_tag","embeddable":true,"href":"https:\/\/berha.org\/en\/wp-json\/wp\/v2\/product_tag?post=8283"}],"curies":[{"name":"wp","href":"https:\/\/api.w.org\/{rel}","templated":true}]}}