{"id":8282,"date":"2025-07-20T22:51:23","date_gmt":"2025-07-20T19:51:23","guid":{"rendered":"https:\/\/berha.org\/en\/?post_type=product&#038;p=8282"},"modified":"2025-07-20T22:51:33","modified_gmt":"2025-07-20T19:51:33","slug":"enseal-tissue-sealer-curwed-jaw-nslx137c-ethicon","status":"publish","type":"product","link":"https:\/\/berha.org\/en\/urun\/enseal-tissue-sealer-curwed-jaw-nslx137c-ethicon\/","title":{"rendered":"Enseal Tissue Sealer Curwed jaw NSLX137C Ethicon"},"content":{"rendered":"<p>NSLX137C Enseal Tissue Sealer, kavisli \u00e7ene yap\u0131s\u0131 ile zorlu alanlara ula\u015fmay\u0131 kolayla\u015ft\u0131ran geli\u015fmi\u015f bir doku m\u00fch\u00fcrleme ve kesme cihaz\u0131d\u0131r. Termal enerji ile \u00e7al\u0131\u015fan bu cihaz, minimal doku hasar\u0131yla y\u00fcksek m\u00fch\u00fcrleme g\u00fcc\u00fc sa\u011flar. Tek kullan\u0131ml\u0131k, steril yap\u0131s\u0131 sayesinde enfeksiyon riskini azalt\u0131r. Laparoskopik cerrahilerde y\u00fcksek performans sunar.<\/p>\n","protected":false},"excerpt":{"rendered":"<p>\u00dcr\u00fcn: Enseal Tissue Sealer<\/p>\n<p>Kod: NSLX137C<\/p>\n<p>U\u00e7 tipi: Kavisli<\/p>\n<p>Doku m\u00fch\u00fcrleme ve kesme<\/p>\n","protected":false},"featured_media":7699,"template":"","meta":[],"product_brand":[1651],"product_cat":[1646,1676],"product_tag":[2070,2071,1713,2072,2073,2074,2075],"class_list":{"0":"post-8282","1":"product","2":"type-product","3":"status-publish","4":"has-post-thumbnail","6":"product_brand-ethicon","7":"product_cat-ethicon-surgical","8":"product_cat-global-cerrahi-markalar","9":"product_tag-60mm-yesil-stapler-kartus","10":"product_tag-b2b-medikal-stapler","11":"product_tag-ecr60g","12":"product_tag-ethicon-stapler-reload","13":"product_tag-jj-stapler-yedek","14":"product_tag-laparoskopik-stapler-yesil","15":"product_tag-mide-zimba-kartusu","17":"first","18":"instock","19":"shipping-taxable","20":"product-type-simple"},"_links":{"self":[{"href":"https:\/\/berha.org\/en\/wp-json\/wp\/v2\/product\/8282","targetHints":{"allow":["GET"]}}],"collection":[{"href":"https:\/\/berha.org\/en\/wp-json\/wp\/v2\/product"}],"about":[{"href":"https:\/\/berha.org\/en\/wp-json\/wp\/v2\/types\/product"}],"wp:featuredmedia":[{"embeddable":true,"href":"https:\/\/berha.org\/en\/wp-json\/wp\/v2\/media\/7699"}],"wp:attachment":[{"href":"https:\/\/berha.org\/en\/wp-json\/wp\/v2\/media?parent=8282"}],"wp:term":[{"taxonomy":"product_brand","embeddable":true,"href":"https:\/\/berha.org\/en\/wp-json\/wp\/v2\/product_brand?post=8282"},{"taxonomy":"product_cat","embeddable":true,"href":"https:\/\/berha.org\/en\/wp-json\/wp\/v2\/product_cat?post=8282"},{"taxonomy":"product_tag","embeddable":true,"href":"https:\/\/berha.org\/en\/wp-json\/wp\/v2\/product_tag?post=8282"}],"curies":[{"name":"wp","href":"https:\/\/api.w.org\/{rel}","templated":true}]}}