{"id":8281,"date":"2025-07-20T22:51:23","date_gmt":"2025-07-20T19:51:23","guid":{"rendered":"https:\/\/berha.org\/en\/?post_type=product&#038;p=8281"},"modified":"2025-07-20T22:51:33","modified_gmt":"2025-07-20T19:51:33","slug":"echelon-stapler-jj-ecr60b-ethicon","status":"publish","type":"product","link":"https:\/\/berha.org\/en\/urun\/echelon-stapler-jj-ecr60b-ethicon\/","title":{"rendered":"Echelon Stapler J&#038;J ECR60B Ethicon"},"content":{"rendered":"<p>ECR60B Echelon Stapler, 60 mm uzunlu\u011funda olup, orta kal\u0131nl\u0131ktaki dokular i\u00e7in mavi kartu\u015f ile donat\u0131lm\u0131\u015f cerrahi z\u0131mbalama cihaz\u0131d\u0131r. Geni\u015f doku kapsama alan\u0131 ve y\u00fcksek kesme hassasiyeti sunar. Minimal invaziv operasyonlarda doku kapama ve hemostaz i\u015flemlerinde etkin \u00e7\u00f6z\u00fcm sa\u011flar. Steril ve tek kullan\u0131ml\u0131k tasar\u0131m\u0131 cerrahi g\u00fcvenli\u011fi destekler.<\/p>\n","protected":false},"excerpt":{"rendered":"<p>\u00dcr\u00fcn: Echelon Stapler<\/p>\n<p>Kod: ECR60B<\/p>\n<p>Uzunluk: 60 mm<\/p>\n<p>Mavi kartu\u015f, orta doku kal\u0131nl\u0131\u011f\u0131<\/p>\n","protected":false},"featured_media":7697,"template":"","meta":[],"product_brand":[1651],"product_cat":[1646,1676],"product_tag":[2062,2063,1711,2064,2065,2066,2067,2068,2069],"class_list":{"0":"post-8281","1":"product","2":"type-product","3":"status-publish","4":"has-post-thumbnail","6":"product_brand-ethicon","7":"product_cat-ethicon-surgical","8":"product_cat-global-cerrahi-markalar","9":"product_tag-b2b-cerrahi-yedek","10":"product_tag-cerrahi-stapler-blue","11":"product_tag-ecr60b","12":"product_tag-endo-stapler","13":"product_tag-ethicon-echelon-60mm","14":"product_tag-ethicon-reload-60","15":"product_tag-mavi-stapler-60mm","16":"product_tag-tek-kullanimlik-stapler-mavi","17":"product_tag-uzun-zimba-kartusu","19":"first","20":"instock","21":"shipping-taxable","22":"product-type-simple"},"_links":{"self":[{"href":"https:\/\/berha.org\/en\/wp-json\/wp\/v2\/product\/8281","targetHints":{"allow":["GET"]}}],"collection":[{"href":"https:\/\/berha.org\/en\/wp-json\/wp\/v2\/product"}],"about":[{"href":"https:\/\/berha.org\/en\/wp-json\/wp\/v2\/types\/product"}],"wp:featuredmedia":[{"embeddable":true,"href":"https:\/\/berha.org\/en\/wp-json\/wp\/v2\/media\/7697"}],"wp:attachment":[{"href":"https:\/\/berha.org\/en\/wp-json\/wp\/v2\/media?parent=8281"}],"wp:term":[{"taxonomy":"product_brand","embeddable":true,"href":"https:\/\/berha.org\/en\/wp-json\/wp\/v2\/product_brand?post=8281"},{"taxonomy":"product_cat","embeddable":true,"href":"https:\/\/berha.org\/en\/wp-json\/wp\/v2\/product_cat?post=8281"},{"taxonomy":"product_tag","embeddable":true,"href":"https:\/\/berha.org\/en\/wp-json\/wp\/v2\/product_tag?post=8281"}],"curies":[{"name":"wp","href":"https:\/\/api.w.org\/{rel}","templated":true}]}}