{"id":8280,"date":"2025-07-20T22:51:23","date_gmt":"2025-07-20T19:51:23","guid":{"rendered":"https:\/\/berha.org\/en\/?post_type=product&#038;p=8280"},"modified":"2025-07-20T22:51:32","modified_gmt":"2025-07-20T19:51:32","slug":"echelon-stapler-jj-ecr45w","status":"publish","type":"product","link":"https:\/\/berha.org\/en\/urun\/echelon-stapler-jj-ecr45w\/","title":{"rendered":"Echelon Stapler J&#038;J ECR45W"},"content":{"rendered":"<p>Echelon ECR45W, beyaz kartu\u015flu, ince damar ve doku yap\u0131lar\u0131nda kullan\u0131lmak \u00fczere tasarlanm\u0131\u015f cerrahi stapler cihaz\u0131d\u0131r. 45 mm geni\u015fli\u011fe sahip olan bu model, hassas ve d\u00fc\u015f\u00fck diren\u00e7li dokular \u00fczerinde g\u00fcvenli z\u0131mbalama sa\u011flar. Steril, tek kullan\u0131ml\u0131k formu sayesinde enfeksiyon riski azalt\u0131l\u0131r. \u00d6zellikle gastrointestinal ve vask\u00fcler cerrahilerde tercih edilir.<\/p>\n","protected":false},"excerpt":{"rendered":"<p>\u00dcr\u00fcn: Echelon Stapler<\/p>\n<p>Kod: ECR45W<\/p>\n<p>Renk: Beyaz kartu\u015f<\/p>\n<p>\u0130nce damar yap\u0131lar\u0131 i\u00e7in<\/p>\n","protected":false},"featured_media":7695,"template":"","meta":[],"product_brand":[1651],"product_cat":[1646,1676],"product_tag":[2055,2056,2057,1724,2058,2059,2060,2061],"class_list":{"0":"post-8280","1":"product","2":"type-product","3":"status-publish","4":"has-post-thumbnail","6":"product_brand-ethicon","7":"product_cat-ethicon-surgical","8":"product_cat-global-cerrahi-markalar","9":"product_tag-45mm-stapler-beyaz","10":"product_tag-cerrahi-staple-white","11":"product_tag-echelon-white-stapler","12":"product_tag-ecr45w","13":"product_tag-endopath-reload-sistemi","14":"product_tag-ethicon-beyaz-reload","15":"product_tag-jj-stapler-beyaz","16":"product_tag-laparoskopik-stapler-kartus","18":"first","19":"instock","20":"shipping-taxable","21":"product-type-simple"},"_links":{"self":[{"href":"https:\/\/berha.org\/en\/wp-json\/wp\/v2\/product\/8280","targetHints":{"allow":["GET"]}}],"collection":[{"href":"https:\/\/berha.org\/en\/wp-json\/wp\/v2\/product"}],"about":[{"href":"https:\/\/berha.org\/en\/wp-json\/wp\/v2\/types\/product"}],"wp:featuredmedia":[{"embeddable":true,"href":"https:\/\/berha.org\/en\/wp-json\/wp\/v2\/media\/7695"}],"wp:attachment":[{"href":"https:\/\/berha.org\/en\/wp-json\/wp\/v2\/media?parent=8280"}],"wp:term":[{"taxonomy":"product_brand","embeddable":true,"href":"https:\/\/berha.org\/en\/wp-json\/wp\/v2\/product_brand?post=8280"},{"taxonomy":"product_cat","embeddable":true,"href":"https:\/\/berha.org\/en\/wp-json\/wp\/v2\/product_cat?post=8280"},{"taxonomy":"product_tag","embeddable":true,"href":"https:\/\/berha.org\/en\/wp-json\/wp\/v2\/product_tag?post=8280"}],"curies":[{"name":"wp","href":"https:\/\/api.w.org\/{rel}","templated":true}]}}