{"id":8279,"date":"2025-07-20T22:51:23","date_gmt":"2025-07-20T19:51:23","guid":{"rendered":"https:\/\/berha.org\/en\/?post_type=product&#038;p=8279"},"modified":"2025-07-20T22:51:32","modified_gmt":"2025-07-20T19:51:32","slug":"echelon-stapler-jj-ecr45g","status":"publish","type":"product","link":"https:\/\/berha.org\/en\/urun\/echelon-stapler-jj-ecr45g\/","title":{"rendered":"Echelon Stapler J&#038;J ECR45G"},"content":{"rendered":"<p>ECR45G Echelon Stapler, kal\u0131n dokular\u0131n z\u0131mbalanmas\u0131 i\u00e7in \u00f6zel olarak geli\u015ftirilmi\u015f bir modeldir. 45 mm uzunlu\u011funda ve ye\u015fil kartu\u015fla tan\u0131mlanan cihaz, g\u00fc\u00e7l\u00fc tutu\u015f ve kesim performans\u0131 ile \u00f6n plana \u00e7\u0131kar. \u00d6zellikle obezite cerrahisi gibi kal\u0131n doku i\u00e7eren operasyonlarda g\u00fcvenle kullan\u0131l\u0131r. Steril, tek kullan\u0131ml\u0131k formu ile hijyenik cerrahi imk\u00e2n\u0131 sunar.<\/p>\n","protected":false},"excerpt":{"rendered":"<p>\u00dcr\u00fcn: Echelon Stapler<\/p>\n<p>Kod: ECR45G<\/p>\n<p>Renk: Ye\u015fil kartu\u015f<\/p>\n<p>Y\u00fcksek doku kal\u0131nl\u0131\u011f\u0131 i\u00e7in<\/p>\n","protected":false},"featured_media":7693,"template":"","meta":[],"product_brand":[1651],"product_cat":[1646,1676],"product_tag":[2048,2049,2050,2051,2052,2053,2054],"class_list":{"0":"post-8279","1":"product","2":"type-product","3":"status-publish","4":"has-post-thumbnail","6":"product_brand-ethicon","7":"product_cat-ethicon-surgical","8":"product_cat-global-cerrahi-markalar","9":"product_tag-45mm-yesil-stapler-kartus","10":"product_tag-cerrahi-kesici-kartus","11":"product_tag-echelon-green-reload","12":"product_tag-ethicon-ecr45g","13":"product_tag-jj-ethicon-stapler","14":"product_tag-mide-bypass-stapler","15":"product_tag-tek-kullanimlik-stapler-kartus","17":"first","18":"instock","19":"shipping-taxable","20":"product-type-simple"},"_links":{"self":[{"href":"https:\/\/berha.org\/en\/wp-json\/wp\/v2\/product\/8279","targetHints":{"allow":["GET"]}}],"collection":[{"href":"https:\/\/berha.org\/en\/wp-json\/wp\/v2\/product"}],"about":[{"href":"https:\/\/berha.org\/en\/wp-json\/wp\/v2\/types\/product"}],"wp:featuredmedia":[{"embeddable":true,"href":"https:\/\/berha.org\/en\/wp-json\/wp\/v2\/media\/7693"}],"wp:attachment":[{"href":"https:\/\/berha.org\/en\/wp-json\/wp\/v2\/media?parent=8279"}],"wp:term":[{"taxonomy":"product_brand","embeddable":true,"href":"https:\/\/berha.org\/en\/wp-json\/wp\/v2\/product_brand?post=8279"},{"taxonomy":"product_cat","embeddable":true,"href":"https:\/\/berha.org\/en\/wp-json\/wp\/v2\/product_cat?post=8279"},{"taxonomy":"product_tag","embeddable":true,"href":"https:\/\/berha.org\/en\/wp-json\/wp\/v2\/product_tag?post=8279"}],"curies":[{"name":"wp","href":"https:\/\/api.w.org\/{rel}","templated":true}]}}