{"id":8278,"date":"2025-07-20T22:51:23","date_gmt":"2025-07-20T19:51:23","guid":{"rendered":"https:\/\/berha.org\/en\/?post_type=product&#038;p=8278"},"modified":"2025-07-20T22:51:32","modified_gmt":"2025-07-20T19:51:32","slug":"echelon-stapler-jj-ecr45d","status":"publish","type":"product","link":"https:\/\/berha.org\/en\/urun\/echelon-stapler-jj-ecr45d\/","title":{"rendered":"Echelon Stapler J&#038;J ECR45D"},"content":{"rendered":"<p>ECR45D modeli, ince ve hassas dokular\u0131n z\u0131mbalanmas\u0131 i\u00e7in tasarlanm\u0131\u015f Ethicon Echelon stapler cihaz\u0131d\u0131r. 45 mm geni\u015fli\u011fe sahip olan bu \u00fcr\u00fcn, gri kartu\u015fuyla tan\u0131mlan\u0131r ve d\u00fc\u015f\u00fck doku kal\u0131nl\u0131klar\u0131nda g\u00fcvenli z\u0131mbalama performans\u0131 sunar. Tek kullan\u0131ml\u0131k ve steril yap\u0131s\u0131 sayesinde enfeksiyon riski azalt\u0131lm\u0131\u015ft\u0131r. Cerrahi i\u015flemlerde y\u00fcksek verimlilik sa\u011flar.<\/p>\n","protected":false},"excerpt":{"rendered":"<p>\u00dcr\u00fcn: Echelon Stapler<\/p>\n<p>Kod: ECR45D<\/p>\n<p>Renk: Gri kartu\u015f<\/p>\n<p>Kullan\u0131m: \u0130nce doku z\u0131mbalama<\/p>\n","protected":false},"featured_media":7692,"template":"","meta":[],"product_brand":[1651],"product_cat":[1646,1676],"product_tag":[2041,2042,2043,1722,2044,2045,2046,2047],"class_list":{"0":"post-8278","1":"product","2":"type-product","3":"status-publish","4":"has-post-thumbnail","6":"product_brand-ethicon","7":"product_cat-ethicon-surgical","8":"product_cat-global-cerrahi-markalar","9":"product_tag-45mm-gold-kartus","10":"product_tag-cerrahi-stapler-yedegi","11":"product_tag-echelon-stapler-gold","12":"product_tag-ecr45d","13":"product_tag-ethicon-reload-kartus","14":"product_tag-jj-cerrahi-zimba","15":"product_tag-laparoskopik-stapler-gold","16":"product_tag-medikal-stapler-sarfi","18":"first","19":"instock","20":"shipping-taxable","21":"product-type-simple"},"_links":{"self":[{"href":"https:\/\/berha.org\/en\/wp-json\/wp\/v2\/product\/8278","targetHints":{"allow":["GET"]}}],"collection":[{"href":"https:\/\/berha.org\/en\/wp-json\/wp\/v2\/product"}],"about":[{"href":"https:\/\/berha.org\/en\/wp-json\/wp\/v2\/types\/product"}],"wp:featuredmedia":[{"embeddable":true,"href":"https:\/\/berha.org\/en\/wp-json\/wp\/v2\/media\/7692"}],"wp:attachment":[{"href":"https:\/\/berha.org\/en\/wp-json\/wp\/v2\/media?parent=8278"}],"wp:term":[{"taxonomy":"product_brand","embeddable":true,"href":"https:\/\/berha.org\/en\/wp-json\/wp\/v2\/product_brand?post=8278"},{"taxonomy":"product_cat","embeddable":true,"href":"https:\/\/berha.org\/en\/wp-json\/wp\/v2\/product_cat?post=8278"},{"taxonomy":"product_tag","embeddable":true,"href":"https:\/\/berha.org\/en\/wp-json\/wp\/v2\/product_tag?post=8278"}],"curies":[{"name":"wp","href":"https:\/\/api.w.org\/{rel}","templated":true}]}}