{"id":8276,"date":"2025-07-20T22:51:23","date_gmt":"2025-07-20T19:51:23","guid":{"rendered":"https:\/\/berha.org\/en\/?post_type=product&#038;p=8276"},"modified":"2025-07-20T22:51:31","modified_gmt":"2025-07-20T19:51:31","slug":"3m-gaz-maskesi-yarim-yuz","status":"publish","type":"product","link":"https:\/\/berha.org\/en\/urun\/3m-gaz-maskesi-yarim-yuz\/","title":{"rendered":"3M Gaz Maskesi Yar\u0131m Y\u00fcz"},"content":{"rendered":"<p>Yar\u0131m y\u00fcz gaz maskesi, kimyasal, biyolojik ve partik\u00fcl bazl\u0131 zararl\u0131 gazlara kar\u015f\u0131 solunum korumas\u0131 sa\u011flayan dayan\u0131kl\u0131 bir ekipmand\u0131r. Ayarlanabilir kay\u0131\u015flar\u0131 sayesinde rahat ve g\u00fcvenli bir kullan\u0131m sunar. Klinik, end\u00fcstriyel ve laboratuvar ortamlar\u0131nda \u00e7al\u0131\u015fan personelin solunum g\u00fcvenli\u011fini art\u0131rmak i\u00e7in tasarlanm\u0131\u015ft\u0131r. Uzun s\u00fcreli kullan\u0131mda konfor ve etkinlik sa\u011flar.<\/p>\n","protected":false},"excerpt":{"rendered":"<p>\u00dcr\u00fcn: Yar\u0131m Y\u00fcz Gaz Maskesi<\/p>\n<p>Kullan\u0131m: Solunum koruma<\/p>\n<p>Ayarlanabilir kay\u0131\u015f<\/p>\n<p>Dayan\u0131kl\u0131 malzeme<\/p>\n","protected":false},"featured_media":7688,"template":"","meta":[],"product_brand":[1653],"product_cat":[1649,1676],"product_tag":[2023,2024,2025,2026,2027,2028,2029,2030,2031,2032],"class_list":{"0":"post-8276","1":"product","2":"type-product","3":"status-publish","4":"has-post-thumbnail","6":"product_brand-3m","7":"product_cat-3m-products","8":"product_cat-global-cerrahi-markalar","9":"product_tag-3m-gaz-maskesi","10":"product_tag-3m-secureclick-maske","11":"product_tag-3m-yarim-yuz-maskesi","12":"product_tag-b2b-kisisel-koruyucu-ekipman","13":"product_tag-endustriyel-solunum-koruma","14":"product_tag-is-guvenligi-maskesi","15":"product_tag-kimyasal-maske","16":"product_tag-p100-maske","17":"product_tag-tekrar-kullanilabilir-gaz-maskesi","18":"product_tag-yarim-yuz-solunum-cihazi","20":"first","21":"instock","22":"shipping-taxable","23":"product-type-simple"},"_links":{"self":[{"href":"https:\/\/berha.org\/en\/wp-json\/wp\/v2\/product\/8276","targetHints":{"allow":["GET"]}}],"collection":[{"href":"https:\/\/berha.org\/en\/wp-json\/wp\/v2\/product"}],"about":[{"href":"https:\/\/berha.org\/en\/wp-json\/wp\/v2\/types\/product"}],"wp:featuredmedia":[{"embeddable":true,"href":"https:\/\/berha.org\/en\/wp-json\/wp\/v2\/media\/7688"}],"wp:attachment":[{"href":"https:\/\/berha.org\/en\/wp-json\/wp\/v2\/media?parent=8276"}],"wp:term":[{"taxonomy":"product_brand","embeddable":true,"href":"https:\/\/berha.org\/en\/wp-json\/wp\/v2\/product_brand?post=8276"},{"taxonomy":"product_cat","embeddable":true,"href":"https:\/\/berha.org\/en\/wp-json\/wp\/v2\/product_cat?post=8276"},{"taxonomy":"product_tag","embeddable":true,"href":"https:\/\/berha.org\/en\/wp-json\/wp\/v2\/product_tag?post=8276"}],"curies":[{"name":"wp","href":"https:\/\/api.w.org\/{rel}","templated":true}]}}