{"id":8273,"date":"2025-07-20T22:51:22","date_gmt":"2025-07-20T19:51:22","guid":{"rendered":"https:\/\/berha.org\/en\/?post_type=product&#038;p=8273"},"modified":"2025-07-20T22:51:30","modified_gmt":"2025-07-20T19:51:30","slug":"3m-1546-steri-strip-6mmx100mm","status":"publish","type":"product","link":"https:\/\/berha.org\/en\/urun\/3m-1546-steri-strip-6mmx100mm\/","title":{"rendered":"3M 1546 \u2013 STER\u0130-STR\u0130P 6mmx100mm"},"content":{"rendered":"<p>3M 1546 Steri-Strip, 6 mm geni\u015fli\u011finde ve 100 mm uzunlu\u011funda yara kapatma \u015ferididir. Steril ve tek kullan\u0131ml\u0131k yap\u0131s\u0131yla yara kenarlar\u0131n\u0131 g\u00fcvenle bir arada tutarak iyile\u015fme s\u00fcrecini destekler. Esnek ve nefes alabilir materyal, hastada konfor sa\u011flar ve ciltte minimum iz b\u0131rak\u0131r. Cerrahi ve travma sonras\u0131 uygulamalarda yayg\u0131n tercih edilen g\u00fcvenilir bir \u00fcr\u00fcnd\u00fcr.<\/p>\n","protected":false},"excerpt":{"rendered":"<p>\u00dcr\u00fcn: Steri-Strip<\/p>\n<p>Boyut: 6 mm x 100 mm<\/p>\n<p>Kullan\u0131m: Yara kapatma \u015feridi<\/p>\n<p>Steril, tek kullan\u0131ml\u0131k<\/p>\n","protected":false},"featured_media":7683,"template":"","meta":[],"product_brand":[1653],"product_cat":[1649,1676],"product_tag":[1992,2001,1831,800,2002,2003,2004,2005,2006],"class_list":{"0":"post-8273","1":"product","2":"type-product","3":"status-publish","4":"has-post-thumbnail","6":"product_brand-3m","7":"product_cat-3m-products","8":"product_cat-global-cerrahi-markalar","9":"product_tag-3m-steri-strip","10":"product_tag-6mm-x-100mm-yara-bandi","11":"product_tag-b2b-cerrahi-urun","12":"product_tag-cilt-dikis-bandi","13":"product_tag-medikal-yapiskan-bant","14":"product_tag-steri-strip-1546","15":"product_tag-steril-cerrahi-bant","16":"product_tag-tek-kullanimlik-dikis-seridi","17":"product_tag-yara-kapama-seridi","19":"first","20":"instock","21":"shipping-taxable","22":"product-type-simple"},"_links":{"self":[{"href":"https:\/\/berha.org\/en\/wp-json\/wp\/v2\/product\/8273","targetHints":{"allow":["GET"]}}],"collection":[{"href":"https:\/\/berha.org\/en\/wp-json\/wp\/v2\/product"}],"about":[{"href":"https:\/\/berha.org\/en\/wp-json\/wp\/v2\/types\/product"}],"wp:featuredmedia":[{"embeddable":true,"href":"https:\/\/berha.org\/en\/wp-json\/wp\/v2\/media\/7683"}],"wp:attachment":[{"href":"https:\/\/berha.org\/en\/wp-json\/wp\/v2\/media?parent=8273"}],"wp:term":[{"taxonomy":"product_brand","embeddable":true,"href":"https:\/\/berha.org\/en\/wp-json\/wp\/v2\/product_brand?post=8273"},{"taxonomy":"product_cat","embeddable":true,"href":"https:\/\/berha.org\/en\/wp-json\/wp\/v2\/product_cat?post=8273"},{"taxonomy":"product_tag","embeddable":true,"href":"https:\/\/berha.org\/en\/wp-json\/wp\/v2\/product_tag?post=8273"}],"curies":[{"name":"wp","href":"https:\/\/api.w.org\/{rel}","templated":true}]}}