{"id":8272,"date":"2025-07-20T22:51:22","date_gmt":"2025-07-20T19:51:22","guid":{"rendered":"https:\/\/berha.org\/en\/?post_type=product&#038;p=8272"},"modified":"2025-07-20T22:51:30","modified_gmt":"2025-07-20T19:51:30","slug":"3m-1541-steri-strip-6mmx75mm","status":"publish","type":"product","link":"https:\/\/berha.org\/en\/urun\/3m-1541-steri-strip-6mmx75mm\/","title":{"rendered":"3M 1541 \u2013 STER\u0130-STR\u0130P 6mmx75mm"},"content":{"rendered":"<p>3M 1541 Steri-Strip, cerrahi ve travmatik yaralar\u0131n kapat\u0131lmas\u0131nda kullan\u0131lan steril, tek kullan\u0131ml\u0131k yara kapatma \u015ferididir. \u0130nce yap\u0131s\u0131 sayesinde ciltte minimum iz b\u0131rak\u0131r ve yara kenarlar\u0131n\u0131 g\u00fcvenle bir arada tutar. Esnek ve nefes alabilir materyali, konforlu kullan\u0131m sunar. Klinik uygulamalarda enfeksiyon riskini azaltmak i\u00e7in steril paketlenmi\u015ftir.<\/p>\n","protected":false},"excerpt":{"rendered":"<p>\u00dcr\u00fcn: Steri-Strip<\/p>\n<p>Boyut: 6 mm x 75 mm<\/p>\n<p>Kullan\u0131m: Yara kapatma \u015feridi<\/p>\n<p>Steril, tek kullan\u0131ml\u0131k<\/p>\n","protected":false},"featured_media":7681,"template":"","meta":[],"product_brand":[1653],"product_cat":[1649,1676],"product_tag":[1992,1993,1994,796,1995,1996,1997,1998,1999,2000],"class_list":{"0":"post-8272","1":"product","2":"type-product","3":"status-publish","4":"has-post-thumbnail","6":"product_brand-3m","7":"product_cat-3m-products","8":"product_cat-global-cerrahi-markalar","9":"product_tag-3m-steri-strip","10":"product_tag-6mm-x-75mm-dikis-bandi","11":"product_tag-b2b-medikal-sarf","12":"product_tag-cerrahi-bant","13":"product_tag-cerrahi-kapatma-seridi","14":"product_tag-steri-strip-1541","15":"product_tag-steril-cilt-bandi","16":"product_tag-tek-kullanimlik-cilt-bandi","17":"product_tag-yapiskanli-dikis-bandi","18":"product_tag-yara-kapatma-bandi","20":"first","21":"instock","22":"shipping-taxable","23":"product-type-simple"},"_links":{"self":[{"href":"https:\/\/berha.org\/en\/wp-json\/wp\/v2\/product\/8272","targetHints":{"allow":["GET"]}}],"collection":[{"href":"https:\/\/berha.org\/en\/wp-json\/wp\/v2\/product"}],"about":[{"href":"https:\/\/berha.org\/en\/wp-json\/wp\/v2\/types\/product"}],"wp:featuredmedia":[{"embeddable":true,"href":"https:\/\/berha.org\/en\/wp-json\/wp\/v2\/media\/7681"}],"wp:attachment":[{"href":"https:\/\/berha.org\/en\/wp-json\/wp\/v2\/media?parent=8272"}],"wp:term":[{"taxonomy":"product_brand","embeddable":true,"href":"https:\/\/berha.org\/en\/wp-json\/wp\/v2\/product_brand?post=8272"},{"taxonomy":"product_cat","embeddable":true,"href":"https:\/\/berha.org\/en\/wp-json\/wp\/v2\/product_cat?post=8272"},{"taxonomy":"product_tag","embeddable":true,"href":"https:\/\/berha.org\/en\/wp-json\/wp\/v2\/product_tag?post=8272"}],"curies":[{"name":"wp","href":"https:\/\/api.w.org\/{rel}","templated":true}]}}