{"id":8271,"date":"2025-07-20T22:51:22","date_gmt":"2025-07-20T19:51:22","guid":{"rendered":"https:\/\/berha.org\/en\/?post_type=product&#038;p=8271"},"modified":"2025-07-20T22:51:30","modified_gmt":"2025-07-20T19:51:30","slug":"protack-30-helezon-civiye-sahip-tek-kullanimlik-sabitleme-cihazi","status":"publish","type":"product","link":"https:\/\/berha.org\/en\/urun\/protack-30-helezon-civiye-sahip-tek-kullanimlik-sabitleme-cihazi\/","title":{"rendered":"Protack 30 Helezon \u00c7iviye Sahip Tek Kullan\u0131ml\u0131k Sabitleme Cihaz\u0131"},"content":{"rendered":"<p>Protack 30, cerrahi operasyonlarda doku ve implant sabitleme amac\u0131yla kullan\u0131lan, helezon \u00e7ivi destekli tek kullan\u0131ml\u0131k sabitleme cihaz\u0131d\u0131r. Y\u00fcksek tutu\u015f g\u00fcc\u00fc ve dayan\u0131kl\u0131l\u0131\u011f\u0131 ile stabil sabitleme sa\u011flar. Steril ambalaj\u0131, enfeksiyon riskini azalt\u0131rken kullan\u0131m kolayl\u0131\u011f\u0131 sunar. Minimal invaziv cerrahide tercih edilen g\u00fcvenilir bir ekipmand\u0131r.<\/p>\n","protected":false},"excerpt":{"rendered":"<p>\u00dcr\u00fcn: Protack 30 Sabitleme Cihaz\u0131<\/p>\n<p>\u00d6zellik: Helezon \u00e7ivi destekli<\/p>\n<p>Tek kullan\u0131ml\u0131k, steril<\/p>\n<p>Cerrahi doku sabitleme<\/p>\n","protected":false},"featured_media":7668,"template":"","meta":[],"product_brand":[1653],"product_cat":[1676,1648],"product_tag":[1980,1981,1982,1983,1984,1985,1986,1987,1988,1989,1990,1991],"class_list":{"0":"post-8271","1":"product","2":"type-product","3":"status-publish","4":"has-post-thumbnail","6":"product_brand-3m","7":"product_cat-global-cerrahi-markalar","8":"product_cat-medtronic-healthcare-solutions","9":"product_tag-30-helezon-civi","10":"product_tag-b2b-cerrahi-sabitleyici","11":"product_tag-covidien-protack","12":"product_tag-fiksasyon-aleti","13":"product_tag-fiksasyon-cihazi","14":"product_tag-helezon-civili-sabitleyici","15":"product_tag-laparoskopik-sabitleme-cihazi","16":"product_tag-medtronic-protack","17":"product_tag-medtronic-tek-kullanimlik-sabitleyici","18":"product_tag-mesh-sabitleyici-cihaz","19":"product_tag-protack-sabitleyici","20":"product_tag-tek-kullanimlik-fiksator","22":"first","23":"instock","24":"shipping-taxable","25":"product-type-simple"},"_links":{"self":[{"href":"https:\/\/berha.org\/en\/wp-json\/wp\/v2\/product\/8271","targetHints":{"allow":["GET"]}}],"collection":[{"href":"https:\/\/berha.org\/en\/wp-json\/wp\/v2\/product"}],"about":[{"href":"https:\/\/berha.org\/en\/wp-json\/wp\/v2\/types\/product"}],"wp:featuredmedia":[{"embeddable":true,"href":"https:\/\/berha.org\/en\/wp-json\/wp\/v2\/media\/7668"}],"wp:attachment":[{"href":"https:\/\/berha.org\/en\/wp-json\/wp\/v2\/media?parent=8271"}],"wp:term":[{"taxonomy":"product_brand","embeddable":true,"href":"https:\/\/berha.org\/en\/wp-json\/wp\/v2\/product_brand?post=8271"},{"taxonomy":"product_cat","embeddable":true,"href":"https:\/\/berha.org\/en\/wp-json\/wp\/v2\/product_cat?post=8271"},{"taxonomy":"product_tag","embeddable":true,"href":"https:\/\/berha.org\/en\/wp-json\/wp\/v2\/product_tag?post=8271"}],"curies":[{"name":"wp","href":"https:\/\/api.w.org\/{rel}","templated":true}]}}