{"id":8268,"date":"2025-07-20T22:51:22","date_gmt":"2025-07-20T19:51:22","guid":{"rendered":"https:\/\/berha.org\/en\/?post_type=product&#038;p=8268"},"modified":"2025-07-20T22:51:28","modified_gmt":"2025-07-20T19:51:28","slug":"lf4418-curved-large-jaw-open-sealer-divider-ligasure","status":"publish","type":"product","link":"https:\/\/berha.org\/en\/urun\/lf4418-curved-large-jaw-open-sealer-divider-ligasure\/","title":{"rendered":"LF4418 Curved large Jaw Open Sealer \/ Divider Ligasure"},"content":{"rendered":"<p>Ligasure LF4418, e\u011fri yap\u0131ya sahip b\u00fcy\u00fck \u00e7enesi ile doku m\u00fch\u00fcrleme ve kesme i\u015flemlerinde \u00fcst\u00fcn performans g\u00f6steren elektrofizyolojik cerrahi cihaz\u0131d\u0131r. A\u00e7\u0131k kapanabilir mekanizmas\u0131, cerraha operasyon s\u0131ras\u0131nda tam kontrol sa\u011flar. Tek kullan\u0131ml\u0131k ve steril olmas\u0131, enfeksiyon riskini azalt\u0131r. Minimal invaziv ve a\u00e7\u0131k cerrahi prosed\u00fcrlerinde yayg\u0131n tercih edilir.<\/p>\n","protected":false},"excerpt":{"rendered":"<p>\u00dcr\u00fcn: Ligasure LF4418<\/p>\n<p>\u00d6zellik: E\u011fri b\u00fcy\u00fck \u00e7ene, a\u00e7\u0131k kapan\u0131r<\/p>\n<p>Kullan\u0131m: Doku m\u00fch\u00fcrleme ve kesme<\/p>\n<p>Tek kullan\u0131ml\u0131k<\/p>\n","protected":false},"featured_media":7663,"template":"","meta":[],"product_brand":[1655],"product_cat":[1676,1648],"product_tag":[1951,1952,1953,1954,1955,1956,1957,1958],"class_list":{"0":"post-8268","1":"product","2":"type-product","3":"status-publish","4":"has-post-thumbnail","6":"product_brand-medtronic","7":"product_cat-global-cerrahi-markalar","8":"product_cat-medtronic-healthcare-solutions","9":"product_tag-b2b-covidien-ligasure","10":"product_tag-covidien-open-sealer","11":"product_tag-curved-jaw-ligasure","12":"product_tag-enerji-bolucu-cihaz","13":"product_tag-lf4418","14":"product_tag-ligasure-curved-jaw","15":"product_tag-tek-kullanimlik-buyuk-cene-sealer","16":"product_tag-vessel-sealing-open","18":"first","19":"instock","20":"shipping-taxable","21":"product-type-simple"},"_links":{"self":[{"href":"https:\/\/berha.org\/en\/wp-json\/wp\/v2\/product\/8268","targetHints":{"allow":["GET"]}}],"collection":[{"href":"https:\/\/berha.org\/en\/wp-json\/wp\/v2\/product"}],"about":[{"href":"https:\/\/berha.org\/en\/wp-json\/wp\/v2\/types\/product"}],"wp:featuredmedia":[{"embeddable":true,"href":"https:\/\/berha.org\/en\/wp-json\/wp\/v2\/media\/7663"}],"wp:attachment":[{"href":"https:\/\/berha.org\/en\/wp-json\/wp\/v2\/media?parent=8268"}],"wp:term":[{"taxonomy":"product_brand","embeddable":true,"href":"https:\/\/berha.org\/en\/wp-json\/wp\/v2\/product_brand?post=8268"},{"taxonomy":"product_cat","embeddable":true,"href":"https:\/\/berha.org\/en\/wp-json\/wp\/v2\/product_cat?post=8268"},{"taxonomy":"product_tag","embeddable":true,"href":"https:\/\/berha.org\/en\/wp-json\/wp\/v2\/product_tag?post=8268"}],"curies":[{"name":"wp","href":"https:\/\/api.w.org\/{rel}","templated":true}]}}