{"id":8267,"date":"2025-07-20T22:51:22","date_gmt":"2025-07-20T19:51:22","guid":{"rendered":"https:\/\/berha.org\/en\/?post_type=product&#038;p=8267"},"modified":"2025-07-20T22:51:28","modified_gmt":"2025-07-20T19:51:28","slug":"lf-1944-5-cm-44-cm-maryland-ligasure","status":"publish","type":"product","link":"https:\/\/berha.org\/en\/urun\/lf-1944-5-cm-44-cm-maryland-ligasure\/","title":{"rendered":"LF 1944 \u2013 5 cm 44 cm Maryland Ligasure"},"content":{"rendered":"<p>Ligasure LF1944 Maryland, 5 mm \u00e7ap\u0131nda, 44 cm uzunlu\u011funda, Maryland u\u00e7lu elektrofizyolojik cerrahi cihaz\u0131d\u0131r. Y\u00fcksek g\u00fcvenlik ve etkinlikle doku kesme ve kapama sa\u011flar. Steril ve tek kullan\u0131ml\u0131k olmas\u0131 cerrahi enfeksiyon riskini azalt\u0131r. Uzun yap\u0131s\u0131 cerrah\u0131n zor eri\u015filen alanlarda \u00e7al\u0131\u015fmas\u0131n\u0131 kolayla\u015ft\u0131r\u0131r.<\/p>\n","protected":false},"excerpt":{"rendered":"<p>\u00dcr\u00fcn: Ligasure LF1944 Maryland<\/p>\n<p>\u00c7ap: 5 mm<\/p>\n<p>Uzunluk: 44 cm<\/p>\n<p>Tek kullan\u0131ml\u0131k<\/p>\n","protected":false},"featured_media":7662,"template":"","meta":[],"product_brand":[1655],"product_cat":[1676,1648],"product_tag":[1945,1946,1927,1947,1948,1949,1950],"class_list":{"0":"post-8267","1":"product","2":"type-product","3":"status-publish","4":"has-post-thumbnail","6":"product_brand-medtronic","7":"product_cat-global-cerrahi-markalar","8":"product_cat-medtronic-healthcare-solutions","9":"product_tag-5cm-maryland-sealer","10":"product_tag-covidien-tek-kullanimlik-ligasure","11":"product_tag-covidien-vessel-sealing","12":"product_tag-laparoskopik-enerji-cihazi","13":"product_tag-lf1944","14":"product_tag-ligasure-maryland-44cm","15":"product_tag-uzun-enerji-cihazi","17":"first","18":"instock","19":"shipping-taxable","20":"product-type-simple"},"_links":{"self":[{"href":"https:\/\/berha.org\/en\/wp-json\/wp\/v2\/product\/8267","targetHints":{"allow":["GET"]}}],"collection":[{"href":"https:\/\/berha.org\/en\/wp-json\/wp\/v2\/product"}],"about":[{"href":"https:\/\/berha.org\/en\/wp-json\/wp\/v2\/types\/product"}],"wp:featuredmedia":[{"embeddable":true,"href":"https:\/\/berha.org\/en\/wp-json\/wp\/v2\/media\/7662"}],"wp:attachment":[{"href":"https:\/\/berha.org\/en\/wp-json\/wp\/v2\/media?parent=8267"}],"wp:term":[{"taxonomy":"product_brand","embeddable":true,"href":"https:\/\/berha.org\/en\/wp-json\/wp\/v2\/product_brand?post=8267"},{"taxonomy":"product_cat","embeddable":true,"href":"https:\/\/berha.org\/en\/wp-json\/wp\/v2\/product_cat?post=8267"},{"taxonomy":"product_tag","embeddable":true,"href":"https:\/\/berha.org\/en\/wp-json\/wp\/v2\/product_tag?post=8267"}],"curies":[{"name":"wp","href":"https:\/\/api.w.org\/{rel}","templated":true}]}}