{"id":8266,"date":"2025-07-20T22:51:22","date_gmt":"2025-07-20T19:51:22","guid":{"rendered":"https:\/\/berha.org\/en\/?post_type=product&#038;p=8266"},"modified":"2025-07-20T22:51:28","modified_gmt":"2025-07-20T19:51:28","slug":"lf1937-maryland-5mm-37cm-ligasure","status":"publish","type":"product","link":"https:\/\/berha.org\/en\/urun\/lf1937-maryland-5mm-37cm-ligasure\/","title":{"rendered":"LF1937 Maryland 5mm \u2013 37cm Ligasure"},"content":{"rendered":"<p>Ligasure LF1937 Maryland, 5 mm \u00e7ap\u0131nda, 37 cm uzunlu\u011funda elektrofizyolojik cerrahi cihaz\u0131d\u0131r. Maryland u\u00e7 yap\u0131s\u0131, hassas doku manip\u00fclasyonu ve kanama kontrol\u00fc sa\u011flar. Tek kullan\u0131ml\u0131k steril \u00fcr\u00fcn, minimal invaziv cerrahide \u00fcst\u00fcn performans sunar. Dayan\u0131kl\u0131 ve ergonomik tasar\u0131m\u0131 cerrah\u0131n operasyon etkinli\u011fini art\u0131r\u0131r.<\/p>\n","protected":false},"excerpt":{"rendered":"<p>\u00dcr\u00fcn: Ligasure LF1937 Maryland<\/p>\n<p>\u00c7ap: 5 mm<\/p>\n<p>Uzunluk: 37 cm<\/p>\n<p>Tek kullan\u0131ml\u0131k<\/p>\n","protected":false},"featured_media":7661,"template":"","meta":[],"product_brand":[1655],"product_cat":[1676,1648],"product_tag":[1922,1938,1939,1940,1941,1942,1943,1944],"class_list":{"0":"post-8266","1":"product","2":"type-product","3":"status-publish","4":"has-post-thumbnail","6":"product_brand-medtronic","7":"product_cat-global-cerrahi-markalar","8":"product_cat-medtronic-healthcare-solutions","9":"product_tag-37cm-ligasure","10":"product_tag-5mm-vessel-sealing","11":"product_tag-covidien-enerji-cihazlari","12":"product_tag-covidien-maryland-sealer","13":"product_tag-laparoskopik-enerji-aleti","14":"product_tag-lf1937","15":"product_tag-ligasure-maryland","16":"product_tag-tek-kullanimlik-ligasure-maryland","18":"first","19":"instock","20":"shipping-taxable","21":"product-type-simple"},"_links":{"self":[{"href":"https:\/\/berha.org\/en\/wp-json\/wp\/v2\/product\/8266","targetHints":{"allow":["GET"]}}],"collection":[{"href":"https:\/\/berha.org\/en\/wp-json\/wp\/v2\/product"}],"about":[{"href":"https:\/\/berha.org\/en\/wp-json\/wp\/v2\/types\/product"}],"wp:featuredmedia":[{"embeddable":true,"href":"https:\/\/berha.org\/en\/wp-json\/wp\/v2\/media\/7661"}],"wp:attachment":[{"href":"https:\/\/berha.org\/en\/wp-json\/wp\/v2\/media?parent=8266"}],"wp:term":[{"taxonomy":"product_brand","embeddable":true,"href":"https:\/\/berha.org\/en\/wp-json\/wp\/v2\/product_brand?post=8266"},{"taxonomy":"product_cat","embeddable":true,"href":"https:\/\/berha.org\/en\/wp-json\/wp\/v2\/product_cat?post=8266"},{"taxonomy":"product_tag","embeddable":true,"href":"https:\/\/berha.org\/en\/wp-json\/wp\/v2\/product_tag?post=8266"}],"curies":[{"name":"wp","href":"https:\/\/api.w.org\/{rel}","templated":true}]}}