{"id":8265,"date":"2025-07-20T22:51:22","date_gmt":"2025-07-20T19:51:22","guid":{"rendered":"https:\/\/berha.org\/en\/?post_type=product&#038;p=8265"},"modified":"2025-07-20T22:51:27","modified_gmt":"2025-07-20T19:51:27","slug":"lf-1844-5-cm-44-mm-blund-tip-ligasure","status":"publish","type":"product","link":"https:\/\/berha.org\/en\/urun\/lf-1844-5-cm-44-mm-blund-tip-ligasure\/","title":{"rendered":"LF 1844 \u2013 5 cm 44 mm Blund Tip Ligasure"},"content":{"rendered":"<p>Ligasure Lf1844, 44 cm uzunlu\u011funda k\u00f6r u\u00e7lu elektrofizyolojik cerrahi cihaz\u0131d\u0131r. Doku kesme ve kapama i\u015flemlerinde y\u00fcksek g\u00fcvenlik sa\u011flar. Tek kullan\u0131ml\u0131k ve steril yap\u0131s\u0131 cerrahi ortamda enfeksiyon riskini azalt\u0131r. Uzun yap\u0131s\u0131 sayesinde cerraha geni\u015f \u00e7al\u0131\u015fma alan\u0131 sunar, minimal invaziv cerrahide etkilidir.<\/p>\n","protected":false},"excerpt":{"rendered":"<p>\u00dcr\u00fcn: Ligasure Lf1844<\/p>\n<p>Uzunluk: 44 cm<\/p>\n<p>U\u00e7 tipi: Blunt (k\u00f6r) u\u00e7<\/p>\n<p>Tek kullan\u0131ml\u0131k<\/p>\n","protected":false},"featured_media":7660,"template":"","meta":[],"product_brand":[1655],"product_cat":[1676,1648],"product_tag":[1930,1931,1932,1933,1934,1935,1936,1937],"class_list":{"0":"post-8265","1":"product","2":"type-product","3":"status-publish","4":"has-post-thumbnail","6":"product_brand-medtronic","7":"product_cat-global-cerrahi-markalar","8":"product_cat-medtronic-healthcare-solutions","9":"product_tag-covidien-blunt-tip","10":"product_tag-covidien-enerji-sistemleri","11":"product_tag-covidien-ligasure-5cm","12":"product_tag-lf1844","13":"product_tag-ligasure-44cm","14":"product_tag-tek-kullanimlik-enerji-cihazi","15":"product_tag-uzun-ligasure-cihazi","16":"product_tag-vessel-sealing-ekipmani","18":"first","19":"instock","20":"shipping-taxable","21":"product-type-simple"},"_links":{"self":[{"href":"https:\/\/berha.org\/en\/wp-json\/wp\/v2\/product\/8265","targetHints":{"allow":["GET"]}}],"collection":[{"href":"https:\/\/berha.org\/en\/wp-json\/wp\/v2\/product"}],"about":[{"href":"https:\/\/berha.org\/en\/wp-json\/wp\/v2\/types\/product"}],"wp:featuredmedia":[{"embeddable":true,"href":"https:\/\/berha.org\/en\/wp-json\/wp\/v2\/media\/7660"}],"wp:attachment":[{"href":"https:\/\/berha.org\/en\/wp-json\/wp\/v2\/media?parent=8265"}],"wp:term":[{"taxonomy":"product_brand","embeddable":true,"href":"https:\/\/berha.org\/en\/wp-json\/wp\/v2\/product_brand?post=8265"},{"taxonomy":"product_cat","embeddable":true,"href":"https:\/\/berha.org\/en\/wp-json\/wp\/v2\/product_cat?post=8265"},{"taxonomy":"product_tag","embeddable":true,"href":"https:\/\/berha.org\/en\/wp-json\/wp\/v2\/product_tag?post=8265"}],"curies":[{"name":"wp","href":"https:\/\/api.w.org\/{rel}","templated":true}]}}