{"id":8264,"date":"2025-07-20T22:51:22","date_gmt":"2025-07-20T19:51:22","guid":{"rendered":"https:\/\/berha.org\/en\/?post_type=product&#038;p=8264"},"modified":"2025-07-20T22:51:27","modified_gmt":"2025-07-20T19:51:27","slug":"lf-1837-5-cm-37-cm-blunt-tip-ligasure","status":"publish","type":"product","link":"https:\/\/berha.org\/en\/urun\/lf-1837-5-cm-37-cm-blunt-tip-ligasure\/","title":{"rendered":"LF 1837 \u2013 5 cm 37 cm Blunt Tip Ligasure"},"content":{"rendered":"<p>Ligasure Lf1837, 37 cm uzunlu\u011funda, k\u00f6r u\u00e7lu elektrofizyolojik cerrahi cihaz\u0131d\u0131r. Doku kesme ve kanama kontrol\u00fcn\u00fc g\u00fcvenli \u015fekilde birle\u015ftirir. Tek kullan\u0131ml\u0131k ve steril olmas\u0131, enfeksiyon riskini en aza indirir. Uzun ve ergonomik yap\u0131s\u0131 cerrah\u0131n eri\u015fimini kolayla\u015ft\u0131r\u0131r ve operasyon verimlili\u011fini art\u0131r\u0131r.<\/p>\n","protected":false},"excerpt":{"rendered":"<p>\u00dcr\u00fcn: Ligasure Lf1837<\/p>\n<p>Uzunluk: 37 cm<\/p>\n<p>U\u00e7 tipi: Blunt (k\u00f6r) u\u00e7<\/p>\n<p>Tek kullan\u0131ml\u0131k<\/p>\n","protected":false},"featured_media":7659,"template":"","meta":[],"product_brand":[1655],"product_cat":[1676,1648],"product_tag":[1922,1923,1924,1925,1926,1927,1928,1929,1920],"class_list":{"0":"post-8264","1":"product","2":"type-product","3":"status-publish","4":"has-post-thumbnail","6":"product_brand-medtronic","7":"product_cat-global-cerrahi-markalar","8":"product_cat-medtronic-healthcare-solutions","9":"product_tag-37cm-ligasure","10":"product_tag-5cm-sealer","11":"product_tag-b2b-ligasure-urunleri","12":"product_tag-covidien-enerji-sistemi","13":"product_tag-covidien-ligasure-cihazi","14":"product_tag-covidien-vessel-sealing","15":"product_tag-lf1837","16":"product_tag-ligasure-blunt-tip","17":"product_tag-tek-kullanimlik-ligasure","19":"first","20":"instock","21":"shipping-taxable","22":"product-type-simple"},"_links":{"self":[{"href":"https:\/\/berha.org\/en\/wp-json\/wp\/v2\/product\/8264","targetHints":{"allow":["GET"]}}],"collection":[{"href":"https:\/\/berha.org\/en\/wp-json\/wp\/v2\/product"}],"about":[{"href":"https:\/\/berha.org\/en\/wp-json\/wp\/v2\/types\/product"}],"wp:featuredmedia":[{"embeddable":true,"href":"https:\/\/berha.org\/en\/wp-json\/wp\/v2\/media\/7659"}],"wp:attachment":[{"href":"https:\/\/berha.org\/en\/wp-json\/wp\/v2\/media?parent=8264"}],"wp:term":[{"taxonomy":"product_brand","embeddable":true,"href":"https:\/\/berha.org\/en\/wp-json\/wp\/v2\/product_brand?post=8264"},{"taxonomy":"product_cat","embeddable":true,"href":"https:\/\/berha.org\/en\/wp-json\/wp\/v2\/product_cat?post=8264"},{"taxonomy":"product_tag","embeddable":true,"href":"https:\/\/berha.org\/en\/wp-json\/wp\/v2\/product_tag?post=8264"}],"curies":[{"name":"wp","href":"https:\/\/api.w.org\/{rel}","templated":true}]}}