{"id":8263,"date":"2025-07-20T22:51:22","date_gmt":"2025-07-20T19:51:22","guid":{"rendered":"https:\/\/berha.org\/en\/?post_type=product&#038;p=8263"},"modified":"2025-07-20T22:51:27","modified_gmt":"2025-07-20T19:51:27","slug":"lf1212-ligasure-covidien","status":"publish","type":"product","link":"https:\/\/berha.org\/en\/urun\/lf1212-ligasure-covidien\/","title":{"rendered":"LF1212 Ligasure Covidien"},"content":{"rendered":"<p>Ligasure LF1212, elektrofizyolojik prensiplerle \u00e7al\u0131\u015fan, doku kesme ve kapama i\u015flemlerini tek ad\u0131mda ger\u00e7ekle\u015ftiren tek kullan\u0131ml\u0131k cerrahi cihazd\u0131r. Y\u00fcksek g\u00fcvenlik ve etkinlik sa\u011flar, kanama riskini \u00f6nemli \u00f6l\u00e7\u00fcde azalt\u0131r. Steril ve dayan\u0131kl\u0131 yap\u0131s\u0131 sayesinde yo\u011fun cerrahi kullan\u0131ma uygundur. Minimal invaziv cerrahide y\u00fcksek performans sunar.<\/p>\n","protected":false},"excerpt":{"rendered":"<p>\u00dcr\u00fcn: Ligasure LF1212<\/p>\n<p>Kullan\u0131m: Elektrofizyolojik doku kesme ve kapama<\/p>\n<p>Tek kullan\u0131ml\u0131k<\/p>\n<p>Steril<\/p>\n","protected":false},"featured_media":7657,"template":"","meta":[],"product_brand":[1655],"product_cat":[1676,1648],"product_tag":[1914,1915,1916,1917,1918,1919,1920,1921],"class_list":{"0":"post-8263","1":"product","2":"type-product","3":"status-publish","4":"has-post-thumbnail","6":"product_brand-medtronic","7":"product_cat-global-cerrahi-markalar","8":"product_cat-medtronic-healthcare-solutions","9":"product_tag-b2b-covidien-urun","10":"product_tag-covidien-enerji-cihazi","11":"product_tag-covidien-ligasure","12":"product_tag-laparoskopik-vessel-sealer","13":"product_tag-ligasure-lf1212","14":"product_tag-ligasure-sealer","15":"product_tag-tek-kullanimlik-ligasure","16":"product_tag-vessel-sealing-cihazi","18":"first","19":"instock","20":"shipping-taxable","21":"product-type-simple"},"_links":{"self":[{"href":"https:\/\/berha.org\/en\/wp-json\/wp\/v2\/product\/8263","targetHints":{"allow":["GET"]}}],"collection":[{"href":"https:\/\/berha.org\/en\/wp-json\/wp\/v2\/product"}],"about":[{"href":"https:\/\/berha.org\/en\/wp-json\/wp\/v2\/types\/product"}],"wp:featuredmedia":[{"embeddable":true,"href":"https:\/\/berha.org\/en\/wp-json\/wp\/v2\/media\/7657"}],"wp:attachment":[{"href":"https:\/\/berha.org\/en\/wp-json\/wp\/v2\/media?parent=8263"}],"wp:term":[{"taxonomy":"product_brand","embeddable":true,"href":"https:\/\/berha.org\/en\/wp-json\/wp\/v2\/product_brand?post=8263"},{"taxonomy":"product_cat","embeddable":true,"href":"https:\/\/berha.org\/en\/wp-json\/wp\/v2\/product_cat?post=8263"},{"taxonomy":"product_tag","embeddable":true,"href":"https:\/\/berha.org\/en\/wp-json\/wp\/v2\/product_tag?post=8263"}],"curies":[{"name":"wp","href":"https:\/\/api.w.org\/{rel}","templated":true}]}}