{"id":8262,"date":"2025-07-20T22:51:22","date_gmt":"2025-07-20T19:51:22","guid":{"rendered":"https:\/\/berha.org\/en\/?post_type=product&#038;p=8262"},"modified":"2025-07-20T22:51:26","modified_gmt":"2025-07-20T19:51:26","slug":"endo-gia-60mm-4-8mm-030459","status":"publish","type":"product","link":"https:\/\/berha.org\/en\/urun\/endo-gia-60mm-4-8mm-030459\/","title":{"rendered":"Endo Gia 60mm\/4.8mm 030459"},"content":{"rendered":"<p>Endo Gia 60mm\/4.8mm stapler, cerrahi doku kapama i\u015flemleri i\u00e7in geli\u015ftirilmi\u015f y\u00fcksek performansl\u0131 tek kullan\u0131ml\u0131k cihazd\u0131r. 60 mm uzunlu\u011fu ve 4.8 mm z\u0131mbalama geni\u015fli\u011fi ile cerrah\u0131n geni\u015f ve etkili doku kapamas\u0131na olanak tan\u0131r. Steril ve dayan\u0131kl\u0131 yap\u0131s\u0131 cerrahi g\u00fcvenli\u011fi art\u0131r\u0131r. Minimal invaziv ve a\u00e7\u0131k cerrahi prosed\u00fcrlerinde yayg\u0131n kullan\u0131l\u0131r.<\/p>\n","protected":false},"excerpt":{"rendered":"<p>\u00dcr\u00fcn: Endo Gia Stapler<\/p>\n<p>Uzunluk: 60 mm<\/p>\n<p>Z\u0131mbalama geni\u015fli\u011fi: 4.8 mm<\/p>\n<p>Tek kullan\u0131ml\u0131k<\/p>\n","protected":false},"featured_media":7656,"template":"","meta":[],"product_brand":[1655],"product_cat":[1676,1648],"product_tag":[1907,1908,1909,1910,1911,1912,1324,1913],"class_list":{"0":"post-8262","1":"product","2":"type-product","3":"status-publish","4":"has-post-thumbnail","6":"product_brand-medtronic","7":"product_cat-global-cerrahi-markalar","8":"product_cat-medtronic-healthcare-solutions","9":"product_tag-030459-stapler","10":"product_tag-4-8mm-stapler","11":"product_tag-covidien-endo-gia","12":"product_tag-endo-gia-60mm","13":"product_tag-laparoskopik-stapler-cihazi","14":"product_tag-medtronic-stapler","15":"product_tag-tek-kullanimlik-stapler","16":"product_tag-tri-staple-covidien","18":"first","19":"instock","20":"shipping-taxable","21":"product-type-simple"},"_links":{"self":[{"href":"https:\/\/berha.org\/en\/wp-json\/wp\/v2\/product\/8262","targetHints":{"allow":["GET"]}}],"collection":[{"href":"https:\/\/berha.org\/en\/wp-json\/wp\/v2\/product"}],"about":[{"href":"https:\/\/berha.org\/en\/wp-json\/wp\/v2\/types\/product"}],"wp:featuredmedia":[{"embeddable":true,"href":"https:\/\/berha.org\/en\/wp-json\/wp\/v2\/media\/7656"}],"wp:attachment":[{"href":"https:\/\/berha.org\/en\/wp-json\/wp\/v2\/media?parent=8262"}],"wp:term":[{"taxonomy":"product_brand","embeddable":true,"href":"https:\/\/berha.org\/en\/wp-json\/wp\/v2\/product_brand?post=8262"},{"taxonomy":"product_cat","embeddable":true,"href":"https:\/\/berha.org\/en\/wp-json\/wp\/v2\/product_cat?post=8262"},{"taxonomy":"product_tag","embeddable":true,"href":"https:\/\/berha.org\/en\/wp-json\/wp\/v2\/product_tag?post=8262"}],"curies":[{"name":"wp","href":"https:\/\/api.w.org\/{rel}","templated":true}]}}