{"id":8260,"date":"2025-07-20T22:51:22","date_gmt":"2025-07-20T19:51:22","guid":{"rendered":"https:\/\/berha.org\/en\/?post_type=product&#038;p=8260"},"modified":"2025-07-20T22:51:26","modified_gmt":"2025-07-20T19:51:26","slug":"covidien-stapler-100mm-48mm","status":"publish","type":"product","link":"https:\/\/berha.org\/en\/urun\/covidien-stapler-100mm-48mm\/","title":{"rendered":"Covidien Stapler 100mm \u2013 4,8mm"},"content":{"rendered":"<p>Covidien Stapler, 100 mm uzunlu\u011funda ve 4,8 mm z\u0131mbalama geni\u015fli\u011fine sahip cerrahi staplerdir. Tek kullan\u0131ml\u0131k ve steril olmas\u0131, cerrahi alanlarda enfeksiyon riskini en aza indirir. Hassas mekanizmas\u0131 ve dayan\u0131kl\u0131 yap\u0131s\u0131 ile cerrahi doku tutma ve kapama i\u015flemlerinde y\u00fcksek performans sunar. Minimal invaziv ve a\u00e7\u0131k cerrahi prosed\u00fcrlerinde yayg\u0131n olarak tercih edilir.<\/p>\n","protected":false},"excerpt":{"rendered":"<p>\u00dcr\u00fcn: Covidien Stapler<\/p>\n<p>Uzunluk: 100 mm<\/p>\n<p>Z\u0131mbalama geni\u015fli\u011fi: 4,8 mm<\/p>\n<p>Tek kullan\u0131ml\u0131k<\/p>\n","protected":false},"featured_media":7624,"template":"","meta":[],"product_brand":[1655],"product_cat":[1676,1648],"product_tag":[1891,1892,1893,1894,1895,1896,1897,1898,1324],"class_list":{"0":"post-8260","1":"product","2":"type-product","3":"status-publish","4":"has-post-thumbnail","6":"product_brand-medtronic","7":"product_cat-global-cerrahi-markalar","8":"product_cat-medtronic-healthcare-solutions","9":"product_tag-100mm-stapler","10":"product_tag-4-8mm-staple","11":"product_tag-b2b-stapler","12":"product_tag-covidien-cerrahi-zimba","13":"product_tag-covidien-doku-stapleri","14":"product_tag-covidien-stapler","15":"product_tag-lineer-stapler-sistemi","16":"product_tag-stapler-cihazi","17":"product_tag-tek-kullanimlik-stapler","19":"first","20":"instock","21":"shipping-taxable","22":"product-type-simple"},"_links":{"self":[{"href":"https:\/\/berha.org\/en\/wp-json\/wp\/v2\/product\/8260","targetHints":{"allow":["GET"]}}],"collection":[{"href":"https:\/\/berha.org\/en\/wp-json\/wp\/v2\/product"}],"about":[{"href":"https:\/\/berha.org\/en\/wp-json\/wp\/v2\/types\/product"}],"wp:featuredmedia":[{"embeddable":true,"href":"https:\/\/berha.org\/en\/wp-json\/wp\/v2\/media\/7624"}],"wp:attachment":[{"href":"https:\/\/berha.org\/en\/wp-json\/wp\/v2\/media?parent=8260"}],"wp:term":[{"taxonomy":"product_brand","embeddable":true,"href":"https:\/\/berha.org\/en\/wp-json\/wp\/v2\/product_brand?post=8260"},{"taxonomy":"product_cat","embeddable":true,"href":"https:\/\/berha.org\/en\/wp-json\/wp\/v2\/product_cat?post=8260"},{"taxonomy":"product_tag","embeddable":true,"href":"https:\/\/berha.org\/en\/wp-json\/wp\/v2\/product_tag?post=8260"}],"curies":[{"name":"wp","href":"https:\/\/api.w.org\/{rel}","templated":true}]}}