{"id":8259,"date":"2025-07-20T22:51:21","date_gmt":"2025-07-20T19:51:21","guid":{"rendered":"https:\/\/berha.org\/en\/?post_type=product&#038;p=8259"},"modified":"2025-07-20T22:51:25","modified_gmt":"2025-07-20T19:51:25","slug":"b11stf-versaone-sabitleme-kanullu-bicakli-trokar-11-mm","status":"publish","type":"product","link":"https:\/\/berha.org\/en\/urun\/b11stf-versaone-sabitleme-kanullu-bicakli-trokar-11-mm\/","title":{"rendered":"B11STF VersaOne Sabitleme Kan\u00fcll\u00fc B\u0131\u00e7akl\u0131 Trokar 11 mm"},"content":{"rendered":"<p>VersaOne 11 mm Trokar, sabitleme kan\u00fcll\u00fc ve b\u0131\u00e7akl\u0131 yap\u0131s\u0131yla minimal invaziv cerrahide g\u00fcvenli ve stabil giri\u015fim sa\u011flar. Tek kullan\u0131ml\u0131k, steril tasar\u0131m\u0131 enfeksiyon riskini azalt\u0131r. Ergonomik yap\u0131s\u0131 cerrah\u0131n kontrol\u00fcn\u00fc kolayla\u015ft\u0131r\u0131r, \u00f6zellikle b\u00fcy\u00fck \u00e7apl\u0131 laparoskopik i\u015flemlerde tercih edilir. Dayan\u0131kl\u0131 malzeme kullan\u0131m\u0131 uzun s\u00fcreli kullan\u0131mda dahi performans\u0131n\u0131 korur.<\/p>\n","protected":false},"excerpt":{"rendered":"<p>\u00dcr\u00fcn: VersaOne Trokar<\/p>\n<p>\u00c7ap: 11 mm<\/p>\n<p>Kan\u00fcll\u00fc, b\u0131\u00e7akl\u0131, sabitlemeli<\/p>\n<p>Tek kullan\u0131ml\u0131k, steril<\/p>\n","protected":false},"featured_media":7623,"template":"","meta":[],"product_brand":[1655],"product_cat":[1676,1648],"product_tag":[1884,1885,1870,1886,1887,1874,1888,1889,1890],"class_list":{"0":"post-8259","1":"product","2":"type-product","3":"status-publish","4":"has-post-thumbnail","6":"product_brand-medtronic","7":"product_cat-global-cerrahi-markalar","8":"product_cat-medtronic-healthcare-solutions","9":"product_tag-11mm-trokar","10":"product_tag-b2b-medikal-trokar","11":"product_tag-bicakli-trokar","12":"product_tag-covidien-cerrahi-ekipman","13":"product_tag-covidien-versaone","14":"product_tag-medtronic-trokar","15":"product_tag-sabitleme-kanullu-trokar","16":"product_tag-tek-kullanimlik-laparoskopik-trokar","17":"product_tag-versaone-trokar","19":"first","20":"instock","21":"shipping-taxable","22":"product-type-simple"},"_links":{"self":[{"href":"https:\/\/berha.org\/en\/wp-json\/wp\/v2\/product\/8259","targetHints":{"allow":["GET"]}}],"collection":[{"href":"https:\/\/berha.org\/en\/wp-json\/wp\/v2\/product"}],"about":[{"href":"https:\/\/berha.org\/en\/wp-json\/wp\/v2\/types\/product"}],"wp:featuredmedia":[{"embeddable":true,"href":"https:\/\/berha.org\/en\/wp-json\/wp\/v2\/media\/7623"}],"wp:attachment":[{"href":"https:\/\/berha.org\/en\/wp-json\/wp\/v2\/media?parent=8259"}],"wp:term":[{"taxonomy":"product_brand","embeddable":true,"href":"https:\/\/berha.org\/en\/wp-json\/wp\/v2\/product_brand?post=8259"},{"taxonomy":"product_cat","embeddable":true,"href":"https:\/\/berha.org\/en\/wp-json\/wp\/v2\/product_cat?post=8259"},{"taxonomy":"product_tag","embeddable":true,"href":"https:\/\/berha.org\/en\/wp-json\/wp\/v2\/product_tag?post=8259"}],"curies":[{"name":"wp","href":"https:\/\/api.w.org\/{rel}","templated":true}]}}