{"id":8258,"date":"2025-07-20T22:51:21","date_gmt":"2025-07-20T19:51:21","guid":{"rendered":"https:\/\/berha.org\/en\/?post_type=product&#038;p=8258"},"modified":"2025-07-20T22:51:25","modified_gmt":"2025-07-20T19:51:25","slug":"179094f-5mm-v2-rubbed-regular","status":"publish","type":"product","link":"https:\/\/berha.org\/en\/urun\/179094f-5mm-v2-rubbed-regular\/","title":{"rendered":"179094F 5MM V2 RUBBED REGULAR"},"content":{"rendered":"<p>179094F modeli, Versaport serisinin 5 mm \u00e7apl\u0131, rubbed (p\u00fcr\u00fczs\u00fcz) y\u00fczeyli versiyonudur. Tek kullan\u0131ml\u0131k ve steril olmas\u0131, enfeksiyon riskini azalt\u0131rken cerrahi kolayl\u0131k sa\u011flar. Minimal invaziv cerrahide hassas giri\u015fim imkan\u0131 sunar. Dayan\u0131kl\u0131 yap\u0131s\u0131 cerrahi esnada stabilite sa\u011flar ve kullan\u0131m\u0131 rahatt\u0131r.<\/p>\n","protected":false},"excerpt":{"rendered":"<p>\u00dcr\u00fcn: Versaport V2 Rubbed Regular<\/p>\n<p>\u00c7ap: 5 mm<\/p>\n<p>Tek kullan\u0131ml\u0131k<\/p>\n<p>Laparoskopik cerrahi i\u00e7in<\/p>\n","protected":false},"featured_media":7622,"template":"","meta":[],"product_brand":[1655],"product_cat":[1676,1648],"product_tag":[1868,1878,1879,1880,1881,1875,1882,1883],"class_list":{"0":"post-8258","1":"product","2":"type-product","3":"status-publish","4":"has-post-thumbnail","6":"product_brand-medtronic","7":"product_cat-global-cerrahi-markalar","8":"product_cat-medtronic-healthcare-solutions","9":"product_tag-5mm-trokar","10":"product_tag-cerrahi-trokar-kanulu","11":"product_tag-covidien-ribbed-trokar","12":"product_tag-laparoskopik-giris-ekipmani","13":"product_tag-medtronic-versaport","14":"product_tag-tek-kullanimlik-trokar","15":"product_tag-v2-regular-trokar","16":"product_tag-versaport-ribbed","18":"first","19":"instock","20":"shipping-taxable","21":"product-type-simple"},"_links":{"self":[{"href":"https:\/\/berha.org\/en\/wp-json\/wp\/v2\/product\/8258","targetHints":{"allow":["GET"]}}],"collection":[{"href":"https:\/\/berha.org\/en\/wp-json\/wp\/v2\/product"}],"about":[{"href":"https:\/\/berha.org\/en\/wp-json\/wp\/v2\/types\/product"}],"wp:featuredmedia":[{"embeddable":true,"href":"https:\/\/berha.org\/en\/wp-json\/wp\/v2\/media\/7622"}],"wp:attachment":[{"href":"https:\/\/berha.org\/en\/wp-json\/wp\/v2\/media?parent=8258"}],"wp:term":[{"taxonomy":"product_brand","embeddable":true,"href":"https:\/\/berha.org\/en\/wp-json\/wp\/v2\/product_brand?post=8258"},{"taxonomy":"product_cat","embeddable":true,"href":"https:\/\/berha.org\/en\/wp-json\/wp\/v2\/product_cat?post=8258"},{"taxonomy":"product_tag","embeddable":true,"href":"https:\/\/berha.org\/en\/wp-json\/wp\/v2\/product_tag?post=8258"}],"curies":[{"name":"wp","href":"https:\/\/api.w.org\/{rel}","templated":true}]}}