{"id":8257,"date":"2025-07-20T22:51:21","date_gmt":"2025-07-20T19:51:21","guid":{"rendered":"https:\/\/berha.org\/en\/?post_type=product&#038;p=8257"},"modified":"2025-07-20T22:51:25","modified_gmt":"2025-07-20T19:51:25","slug":"179094-versaport-5mm-tek-kullanimlik-v2-bicakli-trokar","status":"publish","type":"product","link":"https:\/\/berha.org\/en\/urun\/179094-versaport-5mm-tek-kullanimlik-v2-bicakli-trokar\/","title":{"rendered":"179094 Versaport 5mm Tek Kullan\u0131ml\u0131k V2 B\u0131\u00e7akl\u0131 Trokar"},"content":{"rendered":"<p>Versaport 5 mm V2 Trokar, laparoskopik cerrahide g\u00fcvenli ve kolay giri\u015fim i\u00e7in geli\u015ftirilmi\u015f tek kullan\u0131ml\u0131k b\u0131\u00e7akl\u0131 trokard\u0131r. \u0130nce yap\u0131s\u0131 ve keskin b\u0131\u00e7a\u011f\u0131, minimal doku travmas\u0131 ile h\u0131zl\u0131 ve etkin giri\u015fim sa\u011flar. Steril ambalaj\u0131 cerrahi enfeksiyon riskini minimize eder. Ergonomik tasar\u0131m\u0131 cerrah\u0131n kontrol\u00fcn\u00fc art\u0131r\u0131r.<\/p>\n","protected":false},"excerpt":{"rendered":"<p>\u00dcr\u00fcn: Versaport V2 Trokar<\/p>\n<p>\u00c7ap: 5 mm<\/p>\n<p>Tek kullan\u0131ml\u0131k, b\u0131\u00e7akl\u0131<\/p>\n<p>Laparoskopik giri\u015fim i\u00e7in<\/p>\n","protected":false},"featured_media":7621,"template":"","meta":[],"product_brand":[1655],"product_cat":[1676,1648],"product_tag":[1868,1869,1870,1871,1872,1873,1874,1875,1876,1877],"class_list":{"0":"post-8257","1":"product","2":"type-product","3":"status-publish","4":"has-post-thumbnail","6":"product_brand-medtronic","7":"product_cat-global-cerrahi-markalar","8":"product_cat-medtronic-healthcare-solutions","9":"product_tag-5mm-trokar","10":"product_tag-b2b-laparoskopik-sarf","11":"product_tag-bicakli-trokar","12":"product_tag-covidien-trokar-sistemi","13":"product_tag-covidien-versaport","14":"product_tag-laparoskopik-giris-kanulu","15":"product_tag-medtronic-trokar","16":"product_tag-tek-kullanimlik-trokar","17":"product_tag-versaport","18":"product_tag-versaport-v2","20":"first","21":"instock","22":"shipping-taxable","23":"product-type-simple"},"_links":{"self":[{"href":"https:\/\/berha.org\/en\/wp-json\/wp\/v2\/product\/8257","targetHints":{"allow":["GET"]}}],"collection":[{"href":"https:\/\/berha.org\/en\/wp-json\/wp\/v2\/product"}],"about":[{"href":"https:\/\/berha.org\/en\/wp-json\/wp\/v2\/types\/product"}],"wp:featuredmedia":[{"embeddable":true,"href":"https:\/\/berha.org\/en\/wp-json\/wp\/v2\/media\/7621"}],"wp:attachment":[{"href":"https:\/\/berha.org\/en\/wp-json\/wp\/v2\/media?parent=8257"}],"wp:term":[{"taxonomy":"product_brand","embeddable":true,"href":"https:\/\/berha.org\/en\/wp-json\/wp\/v2\/product_brand?post=8257"},{"taxonomy":"product_cat","embeddable":true,"href":"https:\/\/berha.org\/en\/wp-json\/wp\/v2\/product_cat?post=8257"},{"taxonomy":"product_tag","embeddable":true,"href":"https:\/\/berha.org\/en\/wp-json\/wp\/v2\/product_tag?post=8257"}],"curies":[{"name":"wp","href":"https:\/\/api.w.org\/{rel}","templated":true}]}}