{"id":8256,"date":"2025-07-20T22:51:21","date_gmt":"2025-07-20T19:51:21","guid":{"rendered":"https:\/\/berha.org\/en\/?post_type=product&#038;p=8256"},"modified":"2025-07-20T22:51:24","modified_gmt":"2025-07-20T19:51:24","slug":"176657-endo-clip-ii-10-mm-tek-kullanimlik-klips-uygulayici","status":"publish","type":"product","link":"https:\/\/berha.org\/en\/urun\/176657-endo-clip-ii-10-mm-tek-kullanimlik-klips-uygulayici\/","title":{"rendered":"176657 Endo Clip II 10 mm Tek Kullan\u0131ml\u0131k Klips Uygulay\u0131c\u0131"},"content":{"rendered":"<p>Endo Clip II 10 mm klips uygulay\u0131c\u0131, minimal invaziv cerrahide damar ve kanal kapatma i\u015flemleri i\u00e7in tasarlanm\u0131\u015f steril, tek kullan\u0131ml\u0131k medikal cihazd\u0131r. 10 mm \u00e7ap\u0131ndaki yap\u0131s\u0131 sayesinde laparoskopik operasyonlarda rahat kullan\u0131m sa\u011flar. Hassas mekanizmas\u0131 ve dayan\u0131kl\u0131 yap\u0131s\u0131, cerrah\u0131n i\u015flem s\u0131ras\u0131nda maksimum kontrol elde etmesine imkan verir. Steril ambalajda sunulur.<\/p>\n","protected":false},"excerpt":{"rendered":"<p>\u00dcr\u00fcn: Endo Clip II Klips Uygulay\u0131c\u0131<\/p>\n<p>\u00c7ap: 10 mm<\/p>\n<p>Tek kullan\u0131ml\u0131k, steril<\/p>\n<p>Laparoskopik uygulamalar i\u00e7in<\/p>\n","protected":false},"featured_media":7620,"template":"","meta":[],"product_brand":[1655],"product_cat":[1676,1648],"product_tag":[1859,1860,1861,1862,1863,1864,1865,1866,1867],"class_list":{"0":"post-8256","1":"product","2":"type-product","3":"status-publish","4":"has-post-thumbnail","6":"product_brand-medtronic","7":"product_cat-global-cerrahi-markalar","8":"product_cat-medtronic-healthcare-solutions","9":"product_tag-10mm-klips","10":"product_tag-b2b-tibbi-ekipman","11":"product_tag-cerrahi-klips-aleti","12":"product_tag-covidien-klips-uygulayici","13":"product_tag-covidien-tek-kullanimlik","14":"product_tag-endo-clip-ii","15":"product_tag-laparoskopik-klipsleme","16":"product_tag-medtronic-endo-clip-ii","17":"product_tag-tek-kullanimlik-klips-cihazi","19":"first","20":"instock","21":"shipping-taxable","22":"product-type-simple"},"_links":{"self":[{"href":"https:\/\/berha.org\/en\/wp-json\/wp\/v2\/product\/8256","targetHints":{"allow":["GET"]}}],"collection":[{"href":"https:\/\/berha.org\/en\/wp-json\/wp\/v2\/product"}],"about":[{"href":"https:\/\/berha.org\/en\/wp-json\/wp\/v2\/types\/product"}],"wp:featuredmedia":[{"embeddable":true,"href":"https:\/\/berha.org\/en\/wp-json\/wp\/v2\/media\/7620"}],"wp:attachment":[{"href":"https:\/\/berha.org\/en\/wp-json\/wp\/v2\/media?parent=8256"}],"wp:term":[{"taxonomy":"product_brand","embeddable":true,"href":"https:\/\/berha.org\/en\/wp-json\/wp\/v2\/product_brand?post=8256"},{"taxonomy":"product_cat","embeddable":true,"href":"https:\/\/berha.org\/en\/wp-json\/wp\/v2\/product_cat?post=8256"},{"taxonomy":"product_tag","embeddable":true,"href":"https:\/\/berha.org\/en\/wp-json\/wp\/v2\/product_tag?post=8256"}],"curies":[{"name":"wp","href":"https:\/\/api.w.org\/{rel}","templated":true}]}}