{"id":8255,"date":"2025-07-20T22:51:21","date_gmt":"2025-07-20T19:51:21","guid":{"rendered":"https:\/\/berha.org\/en\/?post_type=product&#038;p=8255"},"modified":"2025-07-20T22:51:24","modified_gmt":"2025-07-20T19:51:24","slug":"176645-ondo-disssect-254","status":"publish","type":"product","link":"https:\/\/berha.org\/en\/urun\/176645-ondo-disssect-254\/","title":{"rendered":"176645 ONDO DISSSECT 254"},"content":{"rendered":"<p>ONDO Dissect 254, minimal invaziv cerrahide doku disseksiyonu i\u00e7in tasarlanm\u0131\u015f \u00f6zel tek kullan\u0131ml\u0131k cihazd\u0131r. Keskin u\u00e7lar\u0131 ve ergonomik yap\u0131s\u0131, cerrah\u0131n dokuyu hassas ve kontroll\u00fc \u015fekilde ay\u0131rmas\u0131n\u0131 sa\u011flar. Y\u00fcksek dayan\u0131kl\u0131l\u0131k ve sterilite standartlar\u0131 ile \u00fcretilmi\u015ftir. Cerrahi s\u00fcre\u00e7lerde g\u00fcven ve etkinlik art\u0131r\u0131c\u0131 bir ekipmand\u0131r.<\/p>\n","protected":false},"excerpt":{"rendered":"<p>\u00dcr\u00fcn: ONDO Dissect 254<\/p>\n<p>Kullan\u0131m: Doku disseksiyonu<\/p>\n<p>Tek kullan\u0131ml\u0131k<\/p>\n<p>Hassas ve kontroll\u00fc<\/p>\n","protected":false},"featured_media":7619,"template":"","meta":[],"product_brand":[1655],"product_cat":[1676,1648],"product_tag":[1850,1851,1852,1853,1854,1855,1856,1857,1858],"class_list":{"0":"post-8255","1":"product","2":"type-product","3":"status-publish","4":"has-post-thumbnail","6":"product_brand-medtronic","7":"product_cat-global-cerrahi-markalar","8":"product_cat-medtronic-healthcare-solutions","9":"product_tag-b2b-cerrahi-sarf","10":"product_tag-cerrahi-diseksiyon-aleti","11":"product_tag-covidien-dissect","12":"product_tag-endo-dissect","13":"product_tag-endo-dissect-254","14":"product_tag-laparoskopik-diseksiyon-aleti","15":"product_tag-laparoskopik-disseksiyon-makasi","16":"product_tag-medtronic-dissector","17":"product_tag-tek-kullanimlik-dissektor","19":"first","20":"instock","21":"shipping-taxable","22":"product-type-simple"},"_links":{"self":[{"href":"https:\/\/berha.org\/en\/wp-json\/wp\/v2\/product\/8255","targetHints":{"allow":["GET"]}}],"collection":[{"href":"https:\/\/berha.org\/en\/wp-json\/wp\/v2\/product"}],"about":[{"href":"https:\/\/berha.org\/en\/wp-json\/wp\/v2\/types\/product"}],"wp:featuredmedia":[{"embeddable":true,"href":"https:\/\/berha.org\/en\/wp-json\/wp\/v2\/media\/7619"}],"wp:attachment":[{"href":"https:\/\/berha.org\/en\/wp-json\/wp\/v2\/media?parent=8255"}],"wp:term":[{"taxonomy":"product_brand","embeddable":true,"href":"https:\/\/berha.org\/en\/wp-json\/wp\/v2\/product_brand?post=8255"},{"taxonomy":"product_cat","embeddable":true,"href":"https:\/\/berha.org\/en\/wp-json\/wp\/v2\/product_cat?post=8255"},{"taxonomy":"product_tag","embeddable":true,"href":"https:\/\/berha.org\/en\/wp-json\/wp\/v2\/product_tag?post=8255"}],"curies":[{"name":"wp","href":"https:\/\/api.w.org\/{rel}","templated":true}]}}