{"id":8254,"date":"2025-07-20T22:51:21","date_gmt":"2025-07-20T19:51:21","guid":{"rendered":"https:\/\/berha.org\/en\/?post_type=product&#038;p=8254"},"modified":"2025-07-20T22:51:24","modified_gmt":"2025-07-20T19:51:24","slug":"176643-176643-endo-shears-ii","status":"publish","type":"product","link":"https:\/\/berha.org\/en\/urun\/176643-176643-endo-shears-ii\/","title":{"rendered":"176643-176643 ENDO SHEARS II"},"content":{"rendered":"<p>Endo Shears II, minimal invaziv cerrahide dokular\u0131 kesmek i\u00e7in geli\u015ftirilmi\u015f, y\u00fcksek performansl\u0131 tek kullan\u0131ml\u0131k cerrahi makas setidir. Keskin b\u0131\u00e7aklar\u0131 ve dayan\u0131kl\u0131 yap\u0131s\u0131, hassas kesim imkan\u0131 sunar. Ergonomik sap tasar\u0131m\u0131 cerrahi kontrol\u00fc optimize eder. Steril ambalajda sunulan \u00fcr\u00fcn, cerrahi operasyonlarda enfeksiyon riskini azalt\u0131r.<\/p>\n","protected":false},"excerpt":{"rendered":"<p>\u00dcr\u00fcn: Endo Shears II<\/p>\n<p>Kullan\u0131m: Laparoskopik kesme i\u015flemleri<\/p>\n<p>Tek kullan\u0131ml\u0131k<\/p>\n<p>Keskin ve hassas<\/p>\n","protected":false},"featured_media":7618,"template":"","meta":[],"product_brand":[1655],"product_cat":[1676,1648],"product_tag":[1841,1842,1843,1844,1845,1846,1847,1848,1849],"class_list":{"0":"post-8254","1":"product","2":"type-product","3":"status-publish","4":"has-post-thumbnail","6":"product_brand-medtronic","7":"product_cat-global-cerrahi-markalar","8":"product_cat-medtronic-healthcare-solutions","9":"product_tag-5mm-laparoskopik-makas","10":"product_tag-b2b-cerrahi-ekipman","11":"product_tag-covidien-shears","12":"product_tag-endo-shears","13":"product_tag-endo-shears-ii","14":"product_tag-laparoskopik-kesici-alet","15":"product_tag-laparoskopik-makas","16":"product_tag-medtronic-makas","17":"product_tag-tek-kullanimlik-cerrahi-makas","19":"first","20":"instock","21":"shipping-taxable","22":"product-type-simple"},"_links":{"self":[{"href":"https:\/\/berha.org\/en\/wp-json\/wp\/v2\/product\/8254","targetHints":{"allow":["GET"]}}],"collection":[{"href":"https:\/\/berha.org\/en\/wp-json\/wp\/v2\/product"}],"about":[{"href":"https:\/\/berha.org\/en\/wp-json\/wp\/v2\/types\/product"}],"wp:featuredmedia":[{"embeddable":true,"href":"https:\/\/berha.org\/en\/wp-json\/wp\/v2\/media\/7618"}],"wp:attachment":[{"href":"https:\/\/berha.org\/en\/wp-json\/wp\/v2\/media?parent=8254"}],"wp:term":[{"taxonomy":"product_brand","embeddable":true,"href":"https:\/\/berha.org\/en\/wp-json\/wp\/v2\/product_brand?post=8254"},{"taxonomy":"product_cat","embeddable":true,"href":"https:\/\/berha.org\/en\/wp-json\/wp\/v2\/product_cat?post=8254"},{"taxonomy":"product_tag","embeddable":true,"href":"https:\/\/berha.org\/en\/wp-json\/wp\/v2\/product_tag?post=8254"}],"curies":[{"name":"wp","href":"https:\/\/api.w.org\/{rel}","templated":true}]}}