{"id":8252,"date":"2025-07-20T22:51:10","date_gmt":"2025-07-20T19:51:10","guid":{"rendered":"https:\/\/berha.org\/en\/?post_type=product&#038;p=8252"},"modified":"2025-07-20T22:51:20","modified_gmt":"2025-07-20T19:51:20","slug":"sol-cart-b-de-bic-toz-bikarbonat-650-g","status":"publish","type":"product","link":"https:\/\/berha.org\/en\/urun\/sol-cart-b-de-bic-toz-bikarbonat-650-g\/","title":{"rendered":"SOL-CART B-DE-BIC.- Toz Bikarbonat 650 G"},"content":{"rendered":"<p>SOL-CART B-DE-BIC. Toz Bikarbonat 650 g, diyaliz sol\u00fcsyonlar\u0131nda pH d\u00fczenleyici olarak kullan\u0131lan y\u00fcksek safl\u0131kta bir bile\u015fendir. Renal tedavi s\u00fcre\u00e7lerinde s\u0131v\u0131 elektrolit dengesini sa\u011flamak amac\u0131yla form\u00fcle edilmi\u015ftir. Klinik standartlara uygun olarak \u00fcretilmi\u015f olup, tedavi etkinli\u011fini art\u0131rmak i\u00e7in g\u00fcvenilir bir kaynak sa\u011flar. Hemodiyaliz ve di\u011fer renal tedavi protokollerinde yayg\u0131n kullan\u0131m\u0131 bulunmaktad\u0131r.<\/p>\n","protected":false},"excerpt":{"rendered":"<p>\u00dcr\u00fcn: SOL-CART B-DE-BIC.<\/p>\n<p>Form: Toz Bikarbonat<\/p>\n<p>A\u011f\u0131rl\u0131k: 650 g<\/p>\n<p>Kullan\u0131m: Diyaliz sol\u00fcsyonu haz\u0131rlama<\/p>\n","protected":false},"featured_media":7615,"template":"","meta":[],"product_brand":[1654],"product_cat":[1650,1676],"product_tag":[1820,1821,1822,1823,1824,1825,1826,1827,1828,1829,1830],"class_list":{"0":"post-8252","1":"product","2":"type-product","3":"status-publish","4":"has-post-thumbnail","6":"product_brand-bbraun","7":"product_cat-bbraun-medical-solutions","8":"product_cat-global-cerrahi-markalar","9":"product_tag-650g-bikarbonat","10":"product_tag-760g-bikarbonat","11":"product_tag-b2b-medikal-urun","12":"product_tag-bbraun-bikarbonat","13":"product_tag-bikarbonat-kartusu","14":"product_tag-bikarbonat-solusyonu","15":"product_tag-dializat-katkisi","16":"product_tag-hemodiyaliz-bikarbonat","17":"product_tag-hemodiyaliz-sarfi","18":"product_tag-sol-cart-b","19":"product_tag-toz-bikarbonat","21":"first","22":"instock","23":"shipping-taxable","24":"product-type-simple"},"_links":{"self":[{"href":"https:\/\/berha.org\/en\/wp-json\/wp\/v2\/product\/8252","targetHints":{"allow":["GET"]}}],"collection":[{"href":"https:\/\/berha.org\/en\/wp-json\/wp\/v2\/product"}],"about":[{"href":"https:\/\/berha.org\/en\/wp-json\/wp\/v2\/types\/product"}],"wp:featuredmedia":[{"embeddable":true,"href":"https:\/\/berha.org\/en\/wp-json\/wp\/v2\/media\/7615"}],"wp:attachment":[{"href":"https:\/\/berha.org\/en\/wp-json\/wp\/v2\/media?parent=8252"}],"wp:term":[{"taxonomy":"product_brand","embeddable":true,"href":"https:\/\/berha.org\/en\/wp-json\/wp\/v2\/product_brand?post=8252"},{"taxonomy":"product_cat","embeddable":true,"href":"https:\/\/berha.org\/en\/wp-json\/wp\/v2\/product_cat?post=8252"},{"taxonomy":"product_tag","embeddable":true,"href":"https:\/\/berha.org\/en\/wp-json\/wp\/v2\/product_tag?post=8252"}],"curies":[{"name":"wp","href":"https:\/\/api.w.org\/{rel}","templated":true}]}}