{"id":8251,"date":"2025-07-20T22:51:10","date_gmt":"2025-07-20T19:51:10","guid":{"rendered":"https:\/\/berha.org\/en\/?post_type=product&#038;p=8251"},"modified":"2025-07-20T22:51:19","modified_gmt":"2025-07-20T19:51:19","slug":"haemoselect-05","status":"publish","type":"product","link":"https:\/\/berha.org\/en\/urun\/haemoselect-05\/","title":{"rendered":"Haemoselect\u00ae 0,5"},"content":{"rendered":"<p>HAEMOSELECT M 0.5, 0.5 metrekare y\u00fczey alan\u0131na sahip, y\u00fcksek selektif adsorpsiyon kapasitesine sahip hemodiyaliz filtresidir. \u00d6zellikle toksinlerin etkin temizli\u011fi i\u00e7in tasarlanm\u0131\u015f olan bu filtre, biyouyumlu malzeme ile \u00fcretilmi\u015ftir. Steril ambalaj\u0131, g\u00fcvenilir ve hijyenik kullan\u0131m sa\u011flar. Renal tedavi s\u00fcre\u00e7lerinde hastan\u0131n konforunu ve tedavi etkinli\u011fini art\u0131rmak amac\u0131yla geli\u015ftirilmi\u015ftir.<\/p>\n","protected":false},"excerpt":{"rendered":"<p>\u00dcr\u00fcn: HAEMOSELECT M<\/p>\n<p>Boyut: 0.5 m\u00b2 y\u00fczey alan\u0131<\/p>\n<p>Kullan\u0131m: Hemodiyaliz filtresi<\/p>\n<p>Y\u00fcksek selektif adsorpsiyon<\/p>\n","protected":false},"featured_media":7614,"template":"","meta":[],"product_brand":[1654],"product_cat":[1650,1676],"product_tag":[1812,1813,1768,1814,1815,1816,1817,1818,1819],"class_list":{"0":"post-8251","1":"product","2":"type-product","3":"status-publish","4":"has-post-thumbnail","6":"product_brand-bbraun","7":"product_cat-bbraun-medical-solutions","8":"product_cat-global-cerrahi-markalar","9":"product_tag-bbraun-haemoselect","10":"product_tag-crrt-filtre-seti","11":"product_tag-diyaliz-filtresi","12":"product_tag-haemoselect-m","13":"product_tag-hemodiyafiltrasyon-aksesuari","14":"product_tag-m-0-5-filtre","15":"product_tag-membran-filtre","16":"product_tag-tibbi-filtrasyon-urunu","17":"product_tag-yuksek-performans-filtre","19":"first","20":"instock","21":"shipping-taxable","22":"product-type-simple"},"_links":{"self":[{"href":"https:\/\/berha.org\/en\/wp-json\/wp\/v2\/product\/8251","targetHints":{"allow":["GET"]}}],"collection":[{"href":"https:\/\/berha.org\/en\/wp-json\/wp\/v2\/product"}],"about":[{"href":"https:\/\/berha.org\/en\/wp-json\/wp\/v2\/types\/product"}],"wp:featuredmedia":[{"embeddable":true,"href":"https:\/\/berha.org\/en\/wp-json\/wp\/v2\/media\/7614"}],"wp:attachment":[{"href":"https:\/\/berha.org\/en\/wp-json\/wp\/v2\/media?parent=8251"}],"wp:term":[{"taxonomy":"product_brand","embeddable":true,"href":"https:\/\/berha.org\/en\/wp-json\/wp\/v2\/product_brand?post=8251"},{"taxonomy":"product_cat","embeddable":true,"href":"https:\/\/berha.org\/en\/wp-json\/wp\/v2\/product_cat?post=8251"},{"taxonomy":"product_tag","embeddable":true,"href":"https:\/\/berha.org\/en\/wp-json\/wp\/v2\/product_tag?post=8251"}],"curies":[{"name":"wp","href":"https:\/\/api.w.org\/{rel}","templated":true}]}}