{"id":8250,"date":"2025-07-20T22:51:09","date_gmt":"2025-07-20T19:51:09","guid":{"rendered":"https:\/\/berha.org\/en\/?post_type=product&#038;p=8250"},"modified":"2025-07-20T22:51:19","modified_gmt":"2025-07-20T19:51:19","slug":"haemofilter-diacap-acute-m-15-qm","status":"publish","type":"product","link":"https:\/\/berha.org\/en\/urun\/haemofilter-diacap-acute-m-15-qm\/","title":{"rendered":"HAEMOFILTER DIACAP ACUTE M 1,5 QM"},"content":{"rendered":"<p>HAEMOFILTER DIACAP ACUTE M, 1,5 QM boyutundaki akut hemodiyaliz filtre cihaz\u0131d\u0131r. Toksinlerin etkili temizli\u011fi i\u00e7in y\u00fcksek verimlilik sunar ve biyouyumlu malzemeden imal edilmi\u015ftir. Steril ambalajlama ile enfeksiyon riskini azalt\u0131r. Klinik ortamda g\u00fcvenilir performans sa\u011flar ve akut renal yetmezlik tedavisinde etkin bir ara\u00e7t\u0131r.<\/p>\n","protected":false},"excerpt":{"rendered":"<p>\u00dcr\u00fcn: HAEMOFILTER DIACAP ACUTE M<\/p>\n<p>Boyut: 1,5 QM<\/p>\n<p>Kullan\u0131m: Akut hemodiyaliz<\/p>\n<p>Y\u00fcksek verimlilik<\/p>\n","protected":false},"featured_media":7613,"template":"","meta":[],"product_brand":[1654],"product_cat":[1650,1676],"product_tag":[1803,1804,1805,1806,1768,1807,1808,1809,1810,1811],"class_list":{"0":"post-8250","1":"product","2":"type-product","3":"status-publish","4":"has-post-thumbnail","6":"product_brand-bbraun","7":"product_cat-bbraun-medical-solutions","8":"product_cat-global-cerrahi-markalar","9":"product_tag-b2b-medikal-filtre","10":"product_tag-bbraun-haemofilter","11":"product_tag-crrt-filtresi","12":"product_tag-diacap-acute","13":"product_tag-diyaliz-filtresi","14":"product_tag-haemofilter-l","15":"product_tag-haemofilter-m","16":"product_tag-renal-terapi-filtresi","17":"product_tag-yogun-bakim-diyaliz-filtresi","18":"product_tag-yuksek-verimli-hemodiyaliz-filtresi","20":"first","21":"instock","22":"shipping-taxable","23":"product-type-simple"},"_links":{"self":[{"href":"https:\/\/berha.org\/en\/wp-json\/wp\/v2\/product\/8250","targetHints":{"allow":["GET"]}}],"collection":[{"href":"https:\/\/berha.org\/en\/wp-json\/wp\/v2\/product"}],"about":[{"href":"https:\/\/berha.org\/en\/wp-json\/wp\/v2\/types\/product"}],"wp:featuredmedia":[{"embeddable":true,"href":"https:\/\/berha.org\/en\/wp-json\/wp\/v2\/media\/7613"}],"wp:attachment":[{"href":"https:\/\/berha.org\/en\/wp-json\/wp\/v2\/media?parent=8250"}],"wp:term":[{"taxonomy":"product_brand","embeddable":true,"href":"https:\/\/berha.org\/en\/wp-json\/wp\/v2\/product_brand?post=8250"},{"taxonomy":"product_cat","embeddable":true,"href":"https:\/\/berha.org\/en\/wp-json\/wp\/v2\/product_cat?post=8250"},{"taxonomy":"product_tag","embeddable":true,"href":"https:\/\/berha.org\/en\/wp-json\/wp\/v2\/product_tag?post=8250"}],"curies":[{"name":"wp","href":"https:\/\/api.w.org\/{rel}","templated":true}]}}