{"id":8249,"date":"2025-07-20T22:51:09","date_gmt":"2025-07-20T19:51:09","guid":{"rendered":"https:\/\/berha.org\/en\/?post_type=product&#038;p=8249"},"modified":"2025-07-20T22:51:19","modified_gmt":"2025-07-20T19:51:19","slug":"haemofilter-diacap-acute-l-20-qm","status":"publish","type":"product","link":"https:\/\/berha.org\/en\/urun\/haemofilter-diacap-acute-l-20-qm\/","title":{"rendered":"HAEMOFILTER DIACAP ACUTE L 2,0 QM"},"content":{"rendered":"<p>HAEMOFILTER DIACAP ACUTE L, 2,0 QM boyutunda akut hemodiyaliz i\u00e7in tasarlanm\u0131\u015f y\u00fcksek performansl\u0131 bir filtre cihaz\u0131d\u0131r. Y\u00fcksek filtreleme kapasitesi sayesinde toksinlerin ve at\u0131k maddelerin etkin temizli\u011fini sa\u011flar. Biyouyumlu malzeme yap\u0131s\u0131 ve steril ambalaj\u0131, hastan\u0131n g\u00fcvenli\u011fi ve tedavi etkinli\u011fi i\u00e7in optimize edilmi\u015ftir. Klinik uygulamalarda g\u00fcvenle kullan\u0131labilen bu filtre, renal destek tedavisinde \u00f6nemli bir rol oynar.<\/p>\n","protected":false},"excerpt":{"rendered":"<p>\u00dcr\u00fcn: HAEMOFILTER DIACAP ACUTE L<\/p>\n<p>Boyut: 2,0 QM<\/p>\n<p>Kullan\u0131m: Akut hemodiyaliz<\/p>\n<p>Y\u00fcksek filtreleme kapasitesi<\/p>\n","protected":false},"featured_media":7612,"template":"","meta":[],"product_brand":[1654],"product_cat":[1650,1676],"product_tag":[1803,1804,1805,1806,1768,1807,1808,1809,1810,1811],"class_list":{"0":"post-8249","1":"product","2":"type-product","3":"status-publish","4":"has-post-thumbnail","6":"product_brand-bbraun","7":"product_cat-bbraun-medical-solutions","8":"product_cat-global-cerrahi-markalar","9":"product_tag-b2b-medikal-filtre","10":"product_tag-bbraun-haemofilter","11":"product_tag-crrt-filtresi","12":"product_tag-diacap-acute","13":"product_tag-diyaliz-filtresi","14":"product_tag-haemofilter-l","15":"product_tag-haemofilter-m","16":"product_tag-renal-terapi-filtresi","17":"product_tag-yogun-bakim-diyaliz-filtresi","18":"product_tag-yuksek-verimli-hemodiyaliz-filtresi","20":"first","21":"instock","22":"shipping-taxable","23":"product-type-simple"},"_links":{"self":[{"href":"https:\/\/berha.org\/en\/wp-json\/wp\/v2\/product\/8249","targetHints":{"allow":["GET"]}}],"collection":[{"href":"https:\/\/berha.org\/en\/wp-json\/wp\/v2\/product"}],"about":[{"href":"https:\/\/berha.org\/en\/wp-json\/wp\/v2\/types\/product"}],"wp:featuredmedia":[{"embeddable":true,"href":"https:\/\/berha.org\/en\/wp-json\/wp\/v2\/media\/7612"}],"wp:attachment":[{"href":"https:\/\/berha.org\/en\/wp-json\/wp\/v2\/media?parent=8249"}],"wp:term":[{"taxonomy":"product_brand","embeddable":true,"href":"https:\/\/berha.org\/en\/wp-json\/wp\/v2\/product_brand?post=8249"},{"taxonomy":"product_cat","embeddable":true,"href":"https:\/\/berha.org\/en\/wp-json\/wp\/v2\/product_cat?post=8249"},{"taxonomy":"product_tag","embeddable":true,"href":"https:\/\/berha.org\/en\/wp-json\/wp\/v2\/product_tag?post=8249"}],"curies":[{"name":"wp","href":"https:\/\/api.w.org\/{rel}","templated":true}]}}