{"id":8247,"date":"2025-07-20T22:51:09","date_gmt":"2025-07-20T19:51:09","guid":{"rendered":"https:\/\/berha.org\/en\/?post_type=product&#038;p=8247"},"modified":"2025-07-20T22:51:18","modified_gmt":"2025-07-20T19:51:18","slug":"haemocat-signo-v1215-catheter-set-15cm","status":"publish","type":"product","link":"https:\/\/berha.org\/en\/urun\/haemocat-signo-v1215-catheter-set-15cm\/","title":{"rendered":"HAEMOCAT\u00ae SIGNO V1215 CATHETER SET 15CM"},"content":{"rendered":"<p>HAEMOCAT\u00ae SIGNO V1215 Kateter Seti, 15 cm uzunlu\u011funda, steril ve tek kullan\u0131ml\u0131k bir medikal kateter setidir. Y\u00fcksek biyouyumlu malzemeler kullan\u0131larak \u00fcretilmi\u015f olup, vask\u00fcler eri\u015fim prosed\u00fcrlerinde \u00fcst\u00fcn performans ve hasta konforu sa\u011flar. Set, kateter, ba\u011flant\u0131 elemanlar\u0131 ve gerekli aksesuarlar\u0131 i\u00e7erir. Steril ambalaj\u0131 sayesinde enfeksiyon riskini minimize eder ve klinik kullan\u0131m i\u00e7in uygundur.<\/p>\n","protected":false},"excerpt":{"rendered":"<p>\u00dcr\u00fcn: HAEMOCAT SIGNO V1215 Kateter Seti<\/p>\n<p>Uzunluk: 15 cm<\/p>\n<p>Steril, tek kullan\u0131ml\u0131k<\/p>\n<p>Y\u00fcksek biyouyumluluk<\/p>\n","protected":false},"featured_media":7610,"template":"","meta":[],"product_brand":[1654],"product_cat":[1650,1676],"product_tag":[1792,1793,1794,1795,1796,1797,1798,1799,403,1800,1801,1802],"class_list":{"0":"post-8247","1":"product","2":"type-product","3":"status-publish","4":"has-post-thumbnail","6":"product_brand-bbraun","7":"product_cat-bbraun-medical-solutions","8":"product_cat-global-cerrahi-markalar","9":"product_tag-15cm-kateter","10":"product_tag-17cm-kateter","11":"product_tag-20cm-kateter","12":"product_tag-bbraun-kateter-seti","13":"product_tag-crrt-erisim-kateteri","14":"product_tag-cvc-seti","15":"product_tag-haemocat-kateter","16":"product_tag-haemocat-signo","17":"product_tag-merkezi-venoz-kateter","18":"product_tag-steril-kateter-seti","19":"product_tag-tek-kullanimlik-kateter","20":"product_tag-venoz-erisim-kiti","22":"first","23":"instock","24":"shipping-taxable","25":"product-type-simple"},"_links":{"self":[{"href":"https:\/\/berha.org\/en\/wp-json\/wp\/v2\/product\/8247","targetHints":{"allow":["GET"]}}],"collection":[{"href":"https:\/\/berha.org\/en\/wp-json\/wp\/v2\/product"}],"about":[{"href":"https:\/\/berha.org\/en\/wp-json\/wp\/v2\/types\/product"}],"wp:featuredmedia":[{"embeddable":true,"href":"https:\/\/berha.org\/en\/wp-json\/wp\/v2\/media\/7610"}],"wp:attachment":[{"href":"https:\/\/berha.org\/en\/wp-json\/wp\/v2\/media?parent=8247"}],"wp:term":[{"taxonomy":"product_brand","embeddable":true,"href":"https:\/\/berha.org\/en\/wp-json\/wp\/v2\/product_brand?post=8247"},{"taxonomy":"product_cat","embeddable":true,"href":"https:\/\/berha.org\/en\/wp-json\/wp\/v2\/product_cat?post=8247"},{"taxonomy":"product_tag","embeddable":true,"href":"https:\/\/berha.org\/en\/wp-json\/wp\/v2\/product_tag?post=8247"}],"curies":[{"name":"wp","href":"https:\/\/api.w.org\/{rel}","templated":true}]}}