{"id":8246,"date":"2025-07-20T22:51:09","date_gmt":"2025-07-20T19:51:09","guid":{"rendered":"https:\/\/berha.org\/en\/?post_type=product&#038;p=8246"},"modified":"2025-07-20T22:51:17","modified_gmt":"2025-07-20T19:51:17","slug":"diapact-kit-pex","status":"publish","type":"product","link":"https:\/\/berha.org\/en\/urun\/diapact-kit-pex\/","title":{"rendered":"DIAPACT KIT PEX"},"content":{"rendered":"<p>DIAPACT PEX Kit, plazmaferez tedavilerinde kullan\u0131lan, t\u00fcm gerekli bile\u015fenleri i\u00e7eren steril bir settir. Dayan\u0131kl\u0131 ve biyouyumlu malzemelerden \u00fcretilmi\u015f olup, tedavi s\u0131ras\u0131nda maksimum g\u00fcvenlik ve performans sa\u011flar. Komple yap\u0131s\u0131, tedavi ekipmanlar\u0131n\u0131n entegrasyonunu kolayla\u015ft\u0131r\u0131r ve klinik uygulamalarda zamandan tasarruf sa\u011flar. Plazmaferez uygulamalar\u0131nda y\u00fcksek verimlilik ve hasta konforunu destekler.<\/p>\n","protected":false},"excerpt":{"rendered":"<p>\u00dcr\u00fcn: DIAPACT PEX Kit<\/p>\n<p>Kullan\u0131m: Plazmaferez tedavisi<\/p>\n<p>Komple set, steril<\/p>\n<p>Dayan\u0131kl\u0131 malzeme<\/p>\n","protected":false},"featured_media":7609,"template":"","meta":[],"product_brand":[1654],"product_cat":[1650,1676],"product_tag":[1782,1783,1784,1785,1786,1787,1788,1789,1790,1791],"class_list":{"0":"post-8246","1":"product","2":"type-product","3":"status-publish","4":"has-post-thumbnail","6":"product_brand-bbraun","7":"product_cat-bbraun-medical-solutions","8":"product_cat-global-cerrahi-markalar","9":"product_tag-bbraun-pex","10":"product_tag-crrt-pex-seti","11":"product_tag-diapact-aksesuar","12":"product_tag-diapact-kit-pex","13":"product_tag-medikal-tedavi-seti","14":"product_tag-pex-kiti","15":"product_tag-plazma-degisim-seti","16":"product_tag-plazmaferez-sarfi","17":"product_tag-preassembled-pex-kit","18":"product_tag-renal-terapi-kiti","20":"first","21":"instock","22":"shipping-taxable","23":"product-type-simple"},"_links":{"self":[{"href":"https:\/\/berha.org\/en\/wp-json\/wp\/v2\/product\/8246","targetHints":{"allow":["GET"]}}],"collection":[{"href":"https:\/\/berha.org\/en\/wp-json\/wp\/v2\/product"}],"about":[{"href":"https:\/\/berha.org\/en\/wp-json\/wp\/v2\/types\/product"}],"wp:featuredmedia":[{"embeddable":true,"href":"https:\/\/berha.org\/en\/wp-json\/wp\/v2\/media\/7609"}],"wp:attachment":[{"href":"https:\/\/berha.org\/en\/wp-json\/wp\/v2\/media?parent=8246"}],"wp:term":[{"taxonomy":"product_brand","embeddable":true,"href":"https:\/\/berha.org\/en\/wp-json\/wp\/v2\/product_brand?post=8246"},{"taxonomy":"product_cat","embeddable":true,"href":"https:\/\/berha.org\/en\/wp-json\/wp\/v2\/product_cat?post=8246"},{"taxonomy":"product_tag","embeddable":true,"href":"https:\/\/berha.org\/en\/wp-json\/wp\/v2\/product_tag?post=8246"}],"curies":[{"name":"wp","href":"https:\/\/api.w.org\/{rel}","templated":true}]}}