{"id":8245,"date":"2025-07-20T22:51:09","date_gmt":"2025-07-20T19:51:09","guid":{"rendered":"https:\/\/berha.org\/en\/?post_type=product&#038;p=8245"},"modified":"2025-07-20T22:51:17","modified_gmt":"2025-07-20T19:51:17","slug":"diapact-kit-hf-hd-pre-assembled","status":"publish","type":"product","link":"https:\/\/berha.org\/en\/urun\/diapact-kit-hf-hd-pre-assembled\/","title":{"rendered":"DIAPACT KIT HF\/HD PRE ASSEMBLED"},"content":{"rendered":"<p>DIAPACT HF\/HD Preassembled Kit, hemofiltrasyon ve hemodiyaliz uygulamalar\u0131nda kullan\u0131m i\u00e7in tasarlanm\u0131\u015f, \u00f6nceden montaj\u0131 yap\u0131lm\u0131\u015f steril bir settir. Haz\u0131r yap\u0131s\u0131 sayesinde tedavi s\u00fcrecini h\u0131zland\u0131r\u0131r ve hata riskini azalt\u0131r. Y\u00fcksek kalite malzemelerden \u00fcretilmi\u015f olan kit, ak\u0131\u015fkanlar\u0131n g\u00fcvenli ve etkin bir \u015fekilde y\u00f6nlendirilmesini sa\u011flar. Kliniklerde kullan\u0131m kolayl\u0131\u011f\u0131 ve g\u00fcvenilirlik sunarak tedavi s\u00fcre\u00e7lerini optimize eder.<\/p>\n","protected":false},"excerpt":{"rendered":"<p>\u00dcr\u00fcn: DIAPACT HF\/HD Preassembled Kit<\/p>\n<p>Kullan\u0131m: Hemofiltrasyon\/Hemodiyaliz<\/p>\n<p>\u00d6n montajl\u0131, kullan\u0131ma haz\u0131r<\/p>\n<p>Steril ambalaj<\/p>\n","protected":false},"featured_media":7608,"template":"","meta":[],"product_brand":[1654],"product_cat":[1650,1676],"product_tag":[1773,1774,1775,1009,1776,1777,1778,1779,1780,1781],"class_list":{"0":"post-8245","1":"product","2":"type-product","3":"status-publish","4":"has-post-thumbnail","6":"product_brand-bbraun","7":"product_cat-bbraun-medical-solutions","8":"product_cat-global-cerrahi-markalar","9":"product_tag-bbraun-diyaliz-seti","10":"product_tag-crrt-seti","11":"product_tag-diapact-kit","12":"product_tag-hastane-sarf-malzemesi","13":"product_tag-hemodiyafiltrasyon-seti","14":"product_tag-hemodiyaliz-seti","15":"product_tag-hf-hd-kiti","16":"product_tag-preassembled-kit","17":"product_tag-renal-tedavi-kiti","18":"product_tag-yuksek-akisli-diyaliz-kiti","20":"first","21":"instock","22":"shipping-taxable","23":"product-type-simple"},"_links":{"self":[{"href":"https:\/\/berha.org\/en\/wp-json\/wp\/v2\/product\/8245","targetHints":{"allow":["GET"]}}],"collection":[{"href":"https:\/\/berha.org\/en\/wp-json\/wp\/v2\/product"}],"about":[{"href":"https:\/\/berha.org\/en\/wp-json\/wp\/v2\/types\/product"}],"wp:featuredmedia":[{"embeddable":true,"href":"https:\/\/berha.org\/en\/wp-json\/wp\/v2\/media\/7608"}],"wp:attachment":[{"href":"https:\/\/berha.org\/en\/wp-json\/wp\/v2\/media?parent=8245"}],"wp:term":[{"taxonomy":"product_brand","embeddable":true,"href":"https:\/\/berha.org\/en\/wp-json\/wp\/v2\/product_brand?post=8245"},{"taxonomy":"product_cat","embeddable":true,"href":"https:\/\/berha.org\/en\/wp-json\/wp\/v2\/product_cat?post=8245"},{"taxonomy":"product_tag","embeddable":true,"href":"https:\/\/berha.org\/en\/wp-json\/wp\/v2\/product_tag?post=8245"}],"curies":[{"name":"wp","href":"https:\/\/api.w.org\/{rel}","templated":true}]}}