{"id":8244,"date":"2025-07-20T22:51:09","date_gmt":"2025-07-20T19:51:09","guid":{"rendered":"https:\/\/berha.org\/en\/?post_type=product&#038;p=8244"},"modified":"2025-07-20T22:51:17","modified_gmt":"2025-07-20T19:51:17","slug":"diacap-ultra-df-online-filter","status":"publish","type":"product","link":"https:\/\/berha.org\/en\/urun\/diacap-ultra-df-online-filter\/","title":{"rendered":"DIACAP ULTRA DF-ONLINE FILTER"},"content":{"rendered":"<p>DIACAP Ultra DF-Online Filtre, diyaliz uygulamalar\u0131nda kullan\u0131lan y\u00fcksek verimlilikte bir filtreleme sistemidir. \u00d6zel tasar\u0131m\u0131 sayesinde, kan ve diyalizat ak\u0131\u015f\u0131n\u0131 optimize ederek hastaya maksimum tedavi etkinli\u011fi sunar. Steril ambalajda sunulan \u00fcr\u00fcn, enfeksiyon riskini minimize eder ve biyouyumluluk standartlar\u0131na uygundur. Klinik uygulamalarda g\u00fcvenle tercih edilen DIACAP Ultra, renal tedavi s\u00fcre\u00e7lerinin kritik bir par\u00e7as\u0131d\u0131r.<\/p>\n","protected":false},"excerpt":{"rendered":"<p>\u00dcr\u00fcn: DIACAP Ultra DF-Online Filtre<\/p>\n<p>Kullan\u0131m: Diyaliz filtreleme<\/p>\n<p>Y\u00fcksek performansl\u0131<\/p>\n<p>Steril ambalaj<\/p>\n","protected":false},"featured_media":7607,"template":"","meta":[],"product_brand":[1654],"product_cat":[1650,1676],"product_tag":[1762,1763,1764,1765,1766,1767,1768,1769,1770,1771,1772],"class_list":{"0":"post-8244","1":"product","2":"type-product","3":"status-publish","4":"has-post-thumbnail","6":"product_brand-bbraun","7":"product_cat-bbraun-medical-solutions","8":"product_cat-global-cerrahi-markalar","9":"product_tag-b2b-diyaliz-urunu","10":"product_tag-bbraun-diyaliz-filtresi","11":"product_tag-bobrek-yetmezligi-tedavisi","12":"product_tag-df-online-filter","13":"product_tag-diacap-ultra","14":"product_tag-diyaliz-cihazi-aksesuari","15":"product_tag-diyaliz-filtresi","16":"product_tag-hemodiyaliz-sarf-malzemesi","17":"product_tag-online-filtreleme","18":"product_tag-online-hemodiyaliz-filtresi","19":"product_tag-tibbi-filtre","21":"first","22":"instock","23":"shipping-taxable","24":"product-type-simple"},"_links":{"self":[{"href":"https:\/\/berha.org\/en\/wp-json\/wp\/v2\/product\/8244","targetHints":{"allow":["GET"]}}],"collection":[{"href":"https:\/\/berha.org\/en\/wp-json\/wp\/v2\/product"}],"about":[{"href":"https:\/\/berha.org\/en\/wp-json\/wp\/v2\/types\/product"}],"wp:featuredmedia":[{"embeddable":true,"href":"https:\/\/berha.org\/en\/wp-json\/wp\/v2\/media\/7607"}],"wp:attachment":[{"href":"https:\/\/berha.org\/en\/wp-json\/wp\/v2\/media?parent=8244"}],"wp:term":[{"taxonomy":"product_brand","embeddable":true,"href":"https:\/\/berha.org\/en\/wp-json\/wp\/v2\/product_brand?post=8244"},{"taxonomy":"product_cat","embeddable":true,"href":"https:\/\/berha.org\/en\/wp-json\/wp\/v2\/product_cat?post=8244"},{"taxonomy":"product_tag","embeddable":true,"href":"https:\/\/berha.org\/en\/wp-json\/wp\/v2\/product_tag?post=8244"}],"curies":[{"name":"wp","href":"https:\/\/api.w.org\/{rel}","templated":true}]}}