{"id":8242,"date":"2025-07-20T22:51:09","date_gmt":"2025-07-20T19:51:09","guid":{"rendered":"https:\/\/berha.org\/en\/?post_type=product&#038;p=8242"},"modified":"2025-07-20T22:51:16","modified_gmt":"2025-07-20T19:51:16","slug":"diacan-pro-17g-a-140x20x300-gamma","status":"publish","type":"product","link":"https:\/\/berha.org\/en\/urun\/diacan-pro-17g-a-140x20x300-gamma\/","title":{"rendered":"DIACAN PRO 17G A 1,40X20X300 GAMMA"},"content":{"rendered":"<p>DIACAN PRO 17G A, 1,40&#215;20 mm \u00f6l\u00e7\u00fclerinde, gamma sterilizasyon y\u00f6ntemiyle haz\u0131rlanm\u0131\u015f medikal i\u011fnedir. \u0130nce ve keskin yap\u0131s\u0131, minimal invaziv uygulamalara uygundur ve hastada konfor sa\u011flar. Y\u00fczey kaplamas\u0131 biyouyumlulu\u011fu art\u0131rarak enfeksiyon riskini azalt\u0131r. 300\u2019l\u00fc ambalaj, hastane ve kliniklerin yo\u011fun ihtiya\u00e7lar\u0131n\u0131 kar\u015f\u0131lar. Kan alma ve enjeksiyon i\u015flemlerinde y\u00fcksek verimlilik ve g\u00fcvenilirlik sunar.<\/p>\n","protected":false},"excerpt":{"rendered":"<p>\u00dcr\u00fcn: DIACAN PRO 17G A \u0130\u011fne<\/p>\n<p>\u00d6l\u00e7\u00fc: 1,40 x 20 mm<\/p>\n<p>Sterilizasyon: Gamma \u0131\u015f\u0131n\u0131<\/p>\n<p>Paket: 300 adet<\/p>\n<p>Keskin u\u00e7 ve y\u00fcksek dayan\u0131kl\u0131l\u0131k<\/p>\n","protected":false},"featured_media":7605,"template":"","meta":[],"product_brand":[1654],"product_cat":[1650,1676],"product_tag":[1749,1750,1751,1752,1753,566,1754,1755,568,1756,1757,1758,1759,1760,1761],"class_list":{"0":"post-8242","1":"product","2":"type-product","3":"status-publish","4":"has-post-thumbnail","6":"product_brand-bbraun","7":"product_cat-bbraun-medical-solutions","8":"product_cat-global-cerrahi-markalar","9":"product_tag-15g-kateter","10":"product_tag-16g-kateter","11":"product_tag-17g-kateter","12":"product_tag-b-braun-kateter","13":"product_tag-bbraun-iv-urunleri","14":"product_tag-damar-ici-kanul","15":"product_tag-diacan-pro","16":"product_tag-gamma-steril-kateter","17":"product_tag-igneli-kanul","18":"product_tag-intravaskuler-kateter","19":"product_tag-iv-kateter","20":"product_tag-kanul-sistemi","21":"product_tag-tek-kullanimlik-iv-set","22":"product_tag-tibbi-kateter","23":"product_tag-venoz-erisim-kateteri","25":"first","26":"instock","27":"shipping-taxable","28":"product-type-simple"},"_links":{"self":[{"href":"https:\/\/berha.org\/en\/wp-json\/wp\/v2\/product\/8242","targetHints":{"allow":["GET"]}}],"collection":[{"href":"https:\/\/berha.org\/en\/wp-json\/wp\/v2\/product"}],"about":[{"href":"https:\/\/berha.org\/en\/wp-json\/wp\/v2\/types\/product"}],"wp:featuredmedia":[{"embeddable":true,"href":"https:\/\/berha.org\/en\/wp-json\/wp\/v2\/media\/7605"}],"wp:attachment":[{"href":"https:\/\/berha.org\/en\/wp-json\/wp\/v2\/media?parent=8242"}],"wp:term":[{"taxonomy":"product_brand","embeddable":true,"href":"https:\/\/berha.org\/en\/wp-json\/wp\/v2\/product_brand?post=8242"},{"taxonomy":"product_cat","embeddable":true,"href":"https:\/\/berha.org\/en\/wp-json\/wp\/v2\/product_cat?post=8242"},{"taxonomy":"product_tag","embeddable":true,"href":"https:\/\/berha.org\/en\/wp-json\/wp\/v2\/product_tag?post=8242"}],"curies":[{"name":"wp","href":"https:\/\/api.w.org\/{rel}","templated":true}]}}