{"id":8241,"date":"2025-07-20T22:51:09","date_gmt":"2025-07-20T19:51:09","guid":{"rendered":"https:\/\/berha.org\/en\/?post_type=product&#038;p=8241"},"modified":"2025-07-20T22:51:16","modified_gmt":"2025-07-20T19:51:16","slug":"diacan-pro-16g-v-160x25x300-gamma","status":"publish","type":"product","link":"https:\/\/berha.org\/en\/urun\/diacan-pro-16g-v-160x25x300-gamma\/","title":{"rendered":"DIACAN PRO 16G V 1,60X25X300 GAMMA"},"content":{"rendered":"<p>DIACAN PRO 16G V, gamma sterilizasyon s\u00fcrecinden ge\u00e7mi\u015f, 1,60&#215;25 mm \u00f6l\u00e7\u00fclerinde medikal enjeksiyon i\u011fnesidir. Keskin ve dayan\u0131kl\u0131 ucu, dokuya zarar vermeden etkin giri\u015f sa\u011flar. Y\u00fcksek biyouyumluluk ve sterilite standartlar\u0131 ile \u00fcretildi\u011fi i\u00e7in enfeksiyon riskini minimize eder. 300\u2019l\u00fc paket formu, sa\u011fl\u0131k tesislerinde yo\u011fun kullan\u0131m i\u00e7in uygundur. Enjeksiyon, kan alma ve di\u011fer medikal i\u015flemlerde \u00fcst\u00fcn performans sunar.<\/p>\n","protected":false},"excerpt":{"rendered":"<p>\u00dcr\u00fcn: DIACAN PRO 16G V \u0130\u011fne<\/p>\n<p>\u00d6l\u00e7\u00fc: 1,60 x 25 mm<\/p>\n<p>Sterilizasyon: Gamma \u0131\u015f\u0131n\u0131<\/p>\n<p>Paket: 300 adet<\/p>\n<p>Y\u00fcksek dayan\u0131kl\u0131l\u0131k, keskin u\u00e7<\/p>\n","protected":false},"featured_media":7605,"template":"","meta":[],"product_brand":[1654],"product_cat":[1650,1676],"product_tag":[1749,1750,1751,1752,1753,566,1754,1755,568,1756,1757,1758,1759,1760,1761],"class_list":{"0":"post-8241","1":"product","2":"type-product","3":"status-publish","4":"has-post-thumbnail","6":"product_brand-bbraun","7":"product_cat-bbraun-medical-solutions","8":"product_cat-global-cerrahi-markalar","9":"product_tag-15g-kateter","10":"product_tag-16g-kateter","11":"product_tag-17g-kateter","12":"product_tag-b-braun-kateter","13":"product_tag-bbraun-iv-urunleri","14":"product_tag-damar-ici-kanul","15":"product_tag-diacan-pro","16":"product_tag-gamma-steril-kateter","17":"product_tag-igneli-kanul","18":"product_tag-intravaskuler-kateter","19":"product_tag-iv-kateter","20":"product_tag-kanul-sistemi","21":"product_tag-tek-kullanimlik-iv-set","22":"product_tag-tibbi-kateter","23":"product_tag-venoz-erisim-kateteri","25":"first","26":"instock","27":"shipping-taxable","28":"product-type-simple"},"_links":{"self":[{"href":"https:\/\/berha.org\/en\/wp-json\/wp\/v2\/product\/8241","targetHints":{"allow":["GET"]}}],"collection":[{"href":"https:\/\/berha.org\/en\/wp-json\/wp\/v2\/product"}],"about":[{"href":"https:\/\/berha.org\/en\/wp-json\/wp\/v2\/types\/product"}],"wp:featuredmedia":[{"embeddable":true,"href":"https:\/\/berha.org\/en\/wp-json\/wp\/v2\/media\/7605"}],"wp:attachment":[{"href":"https:\/\/berha.org\/en\/wp-json\/wp\/v2\/media?parent=8241"}],"wp:term":[{"taxonomy":"product_brand","embeddable":true,"href":"https:\/\/berha.org\/en\/wp-json\/wp\/v2\/product_brand?post=8241"},{"taxonomy":"product_cat","embeddable":true,"href":"https:\/\/berha.org\/en\/wp-json\/wp\/v2\/product_cat?post=8241"},{"taxonomy":"product_tag","embeddable":true,"href":"https:\/\/berha.org\/en\/wp-json\/wp\/v2\/product_tag?post=8241"}],"curies":[{"name":"wp","href":"https:\/\/api.w.org\/{rel}","templated":true}]}}