{"id":8237,"date":"2025-07-20T22:51:08","date_gmt":"2025-07-20T19:51:08","guid":{"rendered":"https:\/\/berha.org\/en\/?post_type=product&#038;p=8237"},"modified":"2025-07-20T22:51:14","modified_gmt":"2025-07-20T19:51:14","slug":"ethicon-echelon-flex-bataryali-60mm-vaskuler-ince-stapler-kartusu-beyaz","status":"publish","type":"product","link":"https:\/\/berha.org\/en\/urun\/ethicon-echelon-flex-bataryali-60mm-vaskuler-ince-stapler-kartusu-beyaz\/","title":{"rendered":"Ethicon ECHELON FLEX\u00ae Bataryal\u0131 60mm Vask\u00fcler\/\u0130nce Stapler Kartu\u015fu (Beyaz)"},"content":{"rendered":"<p>ECHELON FLEX\u00ae Bataryal\u0131 Vask\u00fcler Kartu\u015f: Hassas Dokularda G\u00fc\u00e7 ve Kontrol<\/p>\n<p>Ethicon&#8217;un inovatif bataryal\u0131 stapler platformu i\u00e7in geli\u015ftirdi\u011fi ECHELON FLEX\u00ae Bataryal\u0131 Vask\u00fcler Kartu\u015f, en hassas cerrahi prosed\u00fcrlerde bile cerraha benzersiz bir kontrol ve g\u00fcvenlik sunar. Bu kartu\u015f, \u00f6zellikle damar yap\u0131lar\u0131n\u0131n ve ince dokular\u0131n transeksiyonu i\u00e7in tasarlanm\u0131\u015ft\u0131r.<\/p>\n<p>Temel \u00d6zellikler ve Avantajlar:<\/p>\n<p>Bataryal\u0131 Sistem ile M\u00fckemmel Uyum: Bataryal\u0131 staplerin sa\u011flad\u0131\u011f\u0131 kontroll\u00fc ve sabit h\u0131zdaki ate\u015fleme, manuel g\u00fc\u00e7ten kaynaklanabilecek doku travmas\u0131n\u0131 ortadan kald\u0131r\u0131r. Bu, \u00f6zellikle hassas vask\u00fcler dokularda kritik \u00f6neme sahiptir.<\/p>\n<p>Vask\u00fcler Dokulara \u00d6zel Tasar\u0131m: Beyaz renk kodlu bu kartu\u015f, 1.0 mm&#8217;lik kapal\u0131 z\u0131mba y\u00fcksekli\u011fi ile ince dokular\u0131 ezmeden, optimum s\u0131k\u0131\u015ft\u0131rma ile g\u00fcvenli bir \u015fekilde kapat\u0131r.<\/p>\n<p>Geli\u015fmi\u015f 6 S\u0131ral\u0131 Stapel Hatt\u0131: Kesim hatt\u0131n\u0131n her iki yan\u0131ndaki \u00fc\u00e7erli s\u0131ralar, \u00fcst\u00fcn hemostaz (kanama kontrol\u00fc) sa\u011flayarak vask\u00fcler kapatmalarda s\u0131z\u0131nt\u0131 riskini minimize eder.<\/p>\n","protected":false},"excerpt":{"rendered":"<p>ECHELON FLEX\u00ae Bataryal\u0131 Vask\u00fcler Kartu\u015f: Hassas Dokularda G\u00fc\u00e7 ve Kontrol Ethicon&#8217;un inovatif bataryal\u0131 stapler platformu i\u00e7in geli\u015ftirdi\u011fi ECHELON FLEX\u00ae Bataryal\u0131 Vask\u00fcler Kartu\u015f, en hassas cerrahi prosed\u00fcrlerde bile cerraha benzersiz bir kontrol ve g\u00fcvenlik sunar. Bu kartu\u015f, \u00f6zellikle damar yap\u0131lar\u0131n\u0131n ve ince dokular\u0131n transeksiyonu i\u00e7in tasarlanm\u0131\u015ft\u0131r. Temel \u00d6zellikler ve Avantajlar: Bataryal\u0131 Sistem ile M\u00fckemmel Uyum: Bataryal\u0131<\/p>\n<div class=\"klb-readmore button\"><a class=\"btn link\" href=\"https:\/\/berha.org\/en\/urun\/ethicon-echelon-flex-bataryali-60mm-vaskuler-ince-stapler-kartusu-beyaz\/\">Read More <i class=\"klbth-icon-right-arrow\"><\/i><\/a><\/div>\n","protected":false},"featured_media":7602,"template":"","meta":[],"product_brand":[1651],"product_cat":[1646,1676],"product_tag":[1742,1743,1707,1708,1744,1745,1746,1716,1725,1747,1748],"class_list":{"0":"post-8237","1":"product","2":"type-product","3":"status-publish","4":"has-post-thumbnail","6":"product_brand-ethicon","7":"product_cat-ethicon-surgical","8":"product_cat-global-cerrahi-markalar","9":"product_tag-60mm-vaskuler","10":"product_tag-bataryali-stapler-kartusu","11":"product_tag-beyaz-kartus","12":"product_tag-cerrahi-stapler-kartusu","13":"product_tag-damar-stapleri","14":"product_tag-echelon-flex-kartus","15":"product_tag-echelon-powered","16":"product_tag-ethicon-kartus","17":"product_tag-gst-teknoloji","18":"product_tag-psee60w","19":"product_tag-vaskuler-kartus","21":"first","22":"instock","23":"shipping-taxable","24":"product-type-simple"},"_links":{"self":[{"href":"https:\/\/berha.org\/en\/wp-json\/wp\/v2\/product\/8237","targetHints":{"allow":["GET"]}}],"collection":[{"href":"https:\/\/berha.org\/en\/wp-json\/wp\/v2\/product"}],"about":[{"href":"https:\/\/berha.org\/en\/wp-json\/wp\/v2\/types\/product"}],"wp:featuredmedia":[{"embeddable":true,"href":"https:\/\/berha.org\/en\/wp-json\/wp\/v2\/media\/7602"}],"wp:attachment":[{"href":"https:\/\/berha.org\/en\/wp-json\/wp\/v2\/media?parent=8237"}],"wp:term":[{"taxonomy":"product_brand","embeddable":true,"href":"https:\/\/berha.org\/en\/wp-json\/wp\/v2\/product_brand?post=8237"},{"taxonomy":"product_cat","embeddable":true,"href":"https:\/\/berha.org\/en\/wp-json\/wp\/v2\/product_cat?post=8237"},{"taxonomy":"product_tag","embeddable":true,"href":"https:\/\/berha.org\/en\/wp-json\/wp\/v2\/product_tag?post=8237"}],"curies":[{"name":"wp","href":"https:\/\/api.w.org\/{rel}","templated":true}]}}