{"id":8236,"date":"2025-07-20T22:51:08","date_gmt":"2025-07-20T19:51:08","guid":{"rendered":"https:\/\/berha.org\/en\/?post_type=product&#038;p=8236"},"modified":"2025-07-20T22:51:14","modified_gmt":"2025-07-20T19:51:14","slug":"bra-08728852f-20-perfusor-enjektor-lateks-filtreli-50ml","status":"publish","type":"product","link":"https:\/\/berha.org\/en\/urun\/bra-08728852f-20-perfusor-enjektor-lateks-filtreli-50ml\/","title":{"rendered":"BRA-08728852F-20 Perfusor Enjektor Lateks Filtreli 50ml"},"content":{"rendered":"<p>50 ml hacmindeki lateks filtreli Perfusor Enjekt\u00f6r, hassas ila\u00e7 uygulamalar\u0131nda maksimum g\u00fcvenlik ve do\u011fruluk sa\u011flar. Entegre lateks filtre, partik\u00fcllerin ve mikroorganizmalar\u0131n enjeksiyon s\u0131v\u0131s\u0131na kar\u0131\u015fmas\u0131n\u0131 engeller, b\u00f6ylece steriliteyi korur. Ergonomik tasar\u0131m\u0131 kullan\u0131m kolayl\u0131\u011f\u0131 sunar ve inf\u00fczyon setleriyle tam uyumludur. T\u0131bbi standartlara uygun \u00fcretilen bu enjekt\u00f6r, \u00f6zellikle yo\u011fun bak\u0131m ve anestezi uygulamalar\u0131nda tercih edilir. Uzun s\u00fcreli kullan\u0131mda dahi dayan\u0131kl\u0131l\u0131\u011f\u0131n\u0131 koruyarak performans sa\u011flar.<\/p>\n","protected":false},"excerpt":{"rendered":"<p>Kod: BRA-08728852F-20<\/p>\n<p>\u00dcr\u00fcn: Perfusor Enjekt\u00f6r<\/p>\n<p>Hacim: 50 ml<\/p>\n<p>Lateks filtreli, steril<\/p>\n<p>Y\u00fcksek hassasiyet ve g\u00fcvenlik<\/p>\n","protected":false},"featured_media":7601,"template":"","meta":[],"product_brand":[1654],"product_cat":[1650,1676],"product_tag":[1733,1734,1735,1736,1370,1737,1738,1739,1740,540,538,1741],"class_list":{"0":"post-8236","1":"product","2":"type-product","3":"status-publish","4":"has-post-thumbnail","6":"product_brand-bbraun","7":"product_cat-bbraun-medical-solutions","8":"product_cat-global-cerrahi-markalar","9":"product_tag-50-ml-enjektor","10":"product_tag-b2b-tibbi-urun","11":"product_tag-bbraun-enjektor","12":"product_tag-bbraun-sarf-malzemesi","13":"product_tag-hastane-ekipmani","14":"product_tag-ilac-uygulama-enjektoru","15":"product_tag-infuzyon-enjektoru","16":"product_tag-lateks-filtreli-enjektor","17":"product_tag-perfusor-enjektor","18":"product_tag-tek-kullanimlik-enjektor","19":"product_tag-tibbi-enjektor","20":"product_tag-yogun-bakim-sarfi","22":"first","23":"instock","24":"shipping-taxable","25":"product-type-simple"},"_links":{"self":[{"href":"https:\/\/berha.org\/en\/wp-json\/wp\/v2\/product\/8236","targetHints":{"allow":["GET"]}}],"collection":[{"href":"https:\/\/berha.org\/en\/wp-json\/wp\/v2\/product"}],"about":[{"href":"https:\/\/berha.org\/en\/wp-json\/wp\/v2\/types\/product"}],"wp:featuredmedia":[{"embeddable":true,"href":"https:\/\/berha.org\/en\/wp-json\/wp\/v2\/media\/7601"}],"wp:attachment":[{"href":"https:\/\/berha.org\/en\/wp-json\/wp\/v2\/media?parent=8236"}],"wp:term":[{"taxonomy":"product_brand","embeddable":true,"href":"https:\/\/berha.org\/en\/wp-json\/wp\/v2\/product_brand?post=8236"},{"taxonomy":"product_cat","embeddable":true,"href":"https:\/\/berha.org\/en\/wp-json\/wp\/v2\/product_cat?post=8236"},{"taxonomy":"product_tag","embeddable":true,"href":"https:\/\/berha.org\/en\/wp-json\/wp\/v2\/product_tag?post=8236"}],"curies":[{"name":"wp","href":"https:\/\/api.w.org\/{rel}","templated":true}]}}