{"id":8229,"date":"2025-07-20T22:51:08","date_gmt":"2025-07-20T19:51:08","guid":{"rendered":"https:\/\/berha.org\/en\/?post_type=product&#038;p=8229"},"modified":"2025-07-20T22:51:12","modified_gmt":"2025-07-20T19:51:12","slug":"echelon-flex-endopath-45-mm-stapler","status":"publish","type":"product","link":"https:\/\/berha.org\/en\/urun\/echelon-flex-endopath-45-mm-stapler\/","title":{"rendered":"ECHELON FLEX\u00ae ENDOPATH\u00ae 45 mm Stapler"},"content":{"rendered":"<p>ECHELON FLEX\u2122 ENDOPATH\u2122 45mm Stapler, \u00f6zellikle dar cerrahi alanlar, hassas dokular ve daha k\u0131sa transeksiyon gerektiren prosed\u00fcrler i\u00e7in \u00fcst\u00fcn eri\u015fim ve kontrol sa\u011flamak \u00fczere tasarlanm\u0131\u015ft\u0131r. Tek elle kullan\u0131labilen do\u011fal artik\u00fclasyon mekanizmas\u0131, cerraha en zorlu anatomilerde bile benzersiz manevra kabiliyeti sunar.<\/p>\n","protected":false},"excerpt":{"rendered":"<p>SC45A: 280 mm \u015eaft, Artik\u00fclasyonlu, 12 Ate\u015fleme<\/p>\n<p>EC45A: 340 mm \u015eaft, Artik\u00fclasyonlu, 12 Ate\u015fleme<\/p>\n<p>EC45AL: 440 mm \u015eaft, Artik\u00fclasyonlu, 12 Ate\u015fleme<\/p>\n","protected":false},"featured_media":7571,"template":"","meta":[],"product_brand":[1651],"product_cat":[1646,1676],"product_tag":[1698,1678,1699,1679,1681,1683,1700,1701,1688,1689,1692,1702,1694,1703,1704,1696],"class_list":{"0":"post-8229","1":"product","2":"type-product","3":"status-publish","4":"has-post-thumbnail","6":"product_brand-ethicon","7":"product_cat-ethicon-surgical","8":"product_cat-global-cerrahi-markalar","9":"product_tag-45mm-stapler","10":"product_tag-anastomoz-cihazi","11":"product_tag-apendektomi-stapleri","12":"product_tag-artikulasyonlu-stapler","13":"product_tag-cerrahi-malzemeler","14":"product_tag-doku-kesici","15":"product_tag-ec45a","16":"product_tag-echelon-flex-45mm","17":"product_tag-endoskopik-lineer-kesici","18":"product_tag-ethicon-stapler","19":"product_tag-laparoskopik-stapler","20":"product_tag-long45a","21":"product_tag-minimal-invaziv-cerrahi","22":"product_tag-pediatrik-cerrahi","23":"product_tag-sc45a","24":"product_tag-stapler-kartusu","26":"first","27":"instock","28":"shipping-taxable","29":"product-type-simple"},"_links":{"self":[{"href":"https:\/\/berha.org\/en\/wp-json\/wp\/v2\/product\/8229","targetHints":{"allow":["GET"]}}],"collection":[{"href":"https:\/\/berha.org\/en\/wp-json\/wp\/v2\/product"}],"about":[{"href":"https:\/\/berha.org\/en\/wp-json\/wp\/v2\/types\/product"}],"wp:featuredmedia":[{"embeddable":true,"href":"https:\/\/berha.org\/en\/wp-json\/wp\/v2\/media\/7571"}],"wp:attachment":[{"href":"https:\/\/berha.org\/en\/wp-json\/wp\/v2\/media?parent=8229"}],"wp:term":[{"taxonomy":"product_brand","embeddable":true,"href":"https:\/\/berha.org\/en\/wp-json\/wp\/v2\/product_brand?post=8229"},{"taxonomy":"product_cat","embeddable":true,"href":"https:\/\/berha.org\/en\/wp-json\/wp\/v2\/product_cat?post=8229"},{"taxonomy":"product_tag","embeddable":true,"href":"https:\/\/berha.org\/en\/wp-json\/wp\/v2\/product_tag?post=8229"}],"curies":[{"name":"wp","href":"https:\/\/api.w.org\/{rel}","templated":true}]}}